{"id":1572,"date":"2022-08-20T17:40:48","date_gmt":"2022-08-20T15:40:48","guid":{"rendered":"https:\/\/zoborskoulesostepou.sk\/?page_id=1572"},"modified":"2025-08-18T13:55:28","modified_gmt":"2025-08-18T11:55:28","slug":"dobrovolnici","status":"publish","type":"page","link":"https:\/\/zoborskoulesostepou.sk\/en\/dobrovolnici\/","title":{"rendered":"VOLUNTEERS"},"content":{"rendered":"<div data-elementor-type=\"wp-page\" data-elementor-id=\"1572\" class=\"elementor elementor-1572\">\n\t\t\t\t\t\t<section class=\"elementor-section elementor-top-section elementor-element elementor-element-988e484 elementor-section-boxed elementor-section-height-default elementor-section-height-default\" data-id=\"988e484\" data-element_type=\"section\">\n\t\t\t\t\t\t<div class=\"elementor-container elementor-column-gap-default\">\n\t\t\t\t\t<div class=\"elementor-column elementor-col-100 elementor-top-column elementor-element elementor-element-eda0425\" data-id=\"eda0425\" data-element_type=\"column\">\n\t\t\t<div class=\"elementor-widget-wrap elementor-element-populated\">\n\t\t\t\t\t\t<div class=\"elementor-element elementor-element-6de1363 elementor-widget elementor-widget-heading\" data-id=\"6de1363\" data-element_type=\"widget\" data-widget_type=\"heading.default\">\n\t\t\t\t<div class=\"elementor-widget-container\">\n\t\t\t\t\t<h2 class=\"elementor-heading-title elementor-size-default\">VOLUNTEERS<\/h2>\t\t\t\t<\/div>\n\t\t\t\t<\/div>\n\t\t\t\t\t<\/div>\n\t\t<\/div>\n\t\t\t\t\t<\/div>\n\t\t<\/section>\n\t\t\t\t<section class=\"elementor-section elementor-top-section elementor-element elementor-element-50e9107 elementor-section-boxed elementor-section-height-default elementor-section-height-default\" data-id=\"50e9107\" data-element_type=\"section\">\n\t\t\t\t\t\t<div class=\"elementor-container elementor-column-gap-default\">\n\t\t\t\t\t<div class=\"elementor-column elementor-col-100 elementor-top-column elementor-element elementor-element-b2c75ba\" data-id=\"b2c75ba\" data-element_type=\"column\">\n\t\t\t<div class=\"elementor-widget-wrap elementor-element-populated\">\n\t\t\t\t\t\t<div class=\"elementor-element elementor-element-06f8617 elementor-pagination-position-inside elementor-widget elementor-widget-image-carousel\" data-id=\"06f8617\" data-element_type=\"widget\" data-settings=\"{&quot;navigation&quot;:&quot;dots&quot;,&quot;autoplay_speed&quot;:2500,&quot;autoplay&quot;:&quot;yes&quot;,&quot;pause_on_hover&quot;:&quot;yes&quot;,&quot;pause_on_interaction&quot;:&quot;yes&quot;,&quot;infinite&quot;:&quot;yes&quot;,&quot;speed&quot;:500}\" data-widget_type=\"image-carousel.default\">\n\t\t\t\t<div class=\"elementor-widget-container\">\n\t\t\t\t\t\t\t<div class=\"elementor-image-carousel-wrapper swiper\" role=\"region\" aria-roledescription=\"carousel\" aria-label=\"Picture roll\" dir=\"ltr\">\n\t\t\t<div class=\"elementor-image-carousel swiper-wrapper\" aria-live=\"off\">\n\t\t\t\t\t\t\t\t<div class=\"swiper-slide\" role=\"group\" aria-roledescription=\"slide\" aria-label=\"1 of 6\"><figure class=\"swiper-slide-inner\"><img decoding=\"async\" class=\"swiper-slide-image\" src=\"https:\/\/zoborskoulesostepou.sk\/wp-content\/uploads\/2022\/02\/IMG_4908-1024x683.jpg\" alt=\"K3-Podhorany\" \/><\/figure><\/div><div class=\"swiper-slide\" role=\"group\" aria-roledescription=\"slide\" aria-label=\"2 of 6\"><figure class=\"swiper-slide-inner\"><img decoding=\"async\" class=\"swiper-slide-image\" src=\"https:\/\/zoborskoulesostepou.sk\/wp-content\/uploads\/2022\/02\/IMG_4957-1024x683.jpg\" alt=\"dobrovo\u013en\u00edci v akcii\" \/><\/figure><\/div><div class=\"swiper-slide\" role=\"group\" aria-roledescription=\"slide\" aria-label=\"3 of 6\"><figure class=\"swiper-slide-inner\"><img decoding=\"async\" class=\"swiper-slide-image\" src=\"https:\/\/zoborskoulesostepou.sk\/wp-content\/uploads\/2023\/03\/DSC_0496-1024x681.jpg\" alt=\"DSC_0496\" \/><\/figure><\/div><div class=\"swiper-slide\" role=\"group\" aria-roledescription=\"slide\" aria-label=\"4 of 6\"><figure class=\"swiper-slide-inner\"><img decoding=\"async\" class=\"swiper-slide-image\" src=\"https:\/\/zoborskoulesostepou.sk\/wp-content\/uploads\/2023\/03\/DSC_0910-1024x681.jpg\" alt=\"DSC_0910\" \/><\/figure><\/div><div class=\"swiper-slide\" role=\"group\" aria-roledescription=\"slide\" aria-label=\"5 of 6\"><figure class=\"swiper-slide-inner\"><img decoding=\"async\" class=\"swiper-slide-image\" src=\"https:\/\/zoborskoulesostepou.sk\/wp-content\/uploads\/2022\/02\/IMG_4941-1024x683.jpg\" alt=\"K3-Podhorany\" \/><\/figure><\/div><div class=\"swiper-slide\" role=\"group\" aria-roledescription=\"slide\" aria-label=\"6 of 6\"><figure class=\"swiper-slide-inner\"><img decoding=\"async\" class=\"swiper-slide-image\" src=\"https:\/\/zoborskoulesostepou.sk\/wp-content\/uploads\/2023\/03\/20220915_100300-1024x768.jpg\" alt=\"20220915_100300\" \/><\/figure><\/div>\t\t\t<\/div>\n\t\t\t\t\t\t\t\n\t\t\t\t\t\t\t\t\t<div class=\"swiper-pagination\"><\/div>\n\t\t\t\t\t\t\t\t\t<\/div>\n\t\t\t\t\t\t<\/div>\n\t\t\t\t<\/div>\n\t\t\t\t\t<\/div>\n\t\t<\/div>\n\t\t\t\t\t<\/div>\n\t\t<\/section>\n\t\t\t\t<section class=\"elementor-section elementor-top-section elementor-element elementor-element-272d9bf elementor-section-boxed elementor-section-height-default elementor-section-height-default\" data-id=\"272d9bf\" data-element_type=\"section\" data-settings=\"{&quot;background_background&quot;:&quot;slideshow&quot;,&quot;background_slideshow_gallery&quot;:[],&quot;background_slideshow_loop&quot;:&quot;yes&quot;,&quot;background_slideshow_slide_duration&quot;:5000,&quot;background_slideshow_slide_transition&quot;:&quot;fade&quot;,&quot;background_slideshow_transition_duration&quot;:500}\">\n\t\t\t\t\t\t<div class=\"elementor-container elementor-column-gap-default\">\n\t\t\t\t\t<div class=\"elementor-column elementor-col-50 elementor-top-column elementor-element elementor-element-859c901\" data-id=\"859c901\" data-element_type=\"column\">\n\t\t\t<div class=\"elementor-widget-wrap elementor-element-populated\">\n\t\t\t\t\t\t<div class=\"elementor-element elementor-element-a0d7f32 elementor-widget elementor-widget-text-editor\" data-id=\"a0d7f32\" data-element_type=\"widget\" data-widget_type=\"text-editor.default\">\n\t\t\t\t<div class=\"elementor-widget-container\">\n\t\t\t\t\t\t\t\t\t<p>Volunteers are an important part of any sporting event. Especially in the ultra community, you are indispensable to us. We will be glad of any help. If you would like to experience the sporting event of the Zobor Forest Trail Run with us, please contact us via email. <a href=\"mailto:info@zoborskoulesostepou.sk\">info@zoborskoulesostepou.sk<\/a><\/p>\n<ul>\n<li>Volunteer at the presentation and start\/finish: registration, issue of start packets<\/li>\n<li>Volunteer at the refreshment station&nbsp;<\/li>\n<li>Photographer: choice of location based on your own choice and agreement with the organizers, own photo equipment is a prerequisite<\/li>\n<li><span class=\"color_15\">Rearguard:<\/span>Advancing to the end of the field of participants, collecting own markings, securing the field of participants in case of out-of-orbit events<\/li>\n<\/ul>\t\t\t\t\t\t\t\t<\/div>\n\t\t\t\t<\/div>\n\t\t\t\t\t<\/div>\n\t\t<\/div>\n\t\t\t\t<div class=\"elementor-column elementor-col-50 elementor-top-column elementor-element elementor-element-919aee6\" data-id=\"919aee6\" data-element_type=\"column\">\n\t\t\t<div class=\"elementor-widget-wrap\">\n\t\t\t\t\t\t\t<\/div>\n\t\t<\/div>\n\t\t\t\t\t<\/div>\n\t\t<\/section>\n\t\t\t\t<section class=\"elementor-section elementor-top-section elementor-element elementor-element-00a1e4d elementor-section-boxed elementor-section-height-default elementor-section-height-default\" data-id=\"00a1e4d\" data-element_type=\"section\">\n\t\t\t\t\t\t<div class=\"elementor-container elementor-column-gap-default\">\n\t\t\t\t\t<div class=\"elementor-column elementor-col-16 elementor-top-column elementor-element elementor-element-c32cedd\" data-id=\"c32cedd\" data-element_type=\"column\">\n\t\t\t<div class=\"elementor-widget-wrap\">\n\t\t\t\t\t\t\t<\/div>\n\t\t<\/div>\n\t\t\t\t<div class=\"elementor-column elementor-col-16 elementor-top-column elementor-element elementor-element-e9acd25\" data-id=\"e9acd25\" data-element_type=\"column\">\n\t\t\t<div class=\"elementor-widget-wrap\">\n\t\t\t\t\t\t\t<\/div>\n\t\t<\/div>\n\t\t\t\t<div class=\"elementor-column elementor-col-16 elementor-top-column elementor-element elementor-element-5f7820e\" data-id=\"5f7820e\" data-element_type=\"column\">\n\t\t\t<div class=\"elementor-widget-wrap elementor-element-populated\">\n\t\t\t\t\t\t<div class=\"elementor-element elementor-element-4299ade social-header-icon elementor-view-default elementor-widget elementor-widget-icon\" data-id=\"4299ade\" data-element_type=\"widget\" data-widget_type=\"icon.default\">\n\t\t\t\t<div class=\"elementor-widget-container\">\n\t\t\t\t\t\t\t<div class=\"elementor-icon-wrapper\">\n\t\t\t<a class=\"elementor-icon\" href=\"https:\/\/www.facebook.com\/zoborskoulesostepou\" target=\"_blank\">\n\t\t\t<i aria-hidden=\"true\" class=\"fab fa-facebook\"><\/i>\t\t\t<\/a>\n\t\t<\/div>\n\t\t\t\t\t\t<\/div>\n\t\t\t\t<\/div>\n\t\t\t\t\t<\/div>\n\t\t<\/div>\n\t\t\t\t<div class=\"elementor-column elementor-col-16 elementor-top-column elementor-element elementor-element-4862c0a\" data-id=\"4862c0a\" data-element_type=\"column\">\n\t\t\t<div class=\"elementor-widget-wrap elementor-element-populated\">\n\t\t\t\t\t\t<div class=\"elementor-element elementor-element-21027c5 elementor-view-default elementor-widget elementor-widget-icon\" data-id=\"21027c5\" data-element_type=\"widget\" data-widget_type=\"icon.default\">\n\t\t\t\t<div class=\"elementor-widget-container\">\n\t\t\t\t\t\t\t<div class=\"elementor-icon-wrapper\">\n\t\t\t<a class=\"elementor-icon\" href=\"https:\/\/www.instagram.com\/zoborskou_lesostepou\/\">\n\t\t\t<i aria-hidden=\"true\" class=\"fab fa-instagram\"><\/i>\t\t\t<\/a>\n\t\t<\/div>\n\t\t\t\t\t\t<\/div>\n\t\t\t\t<\/div>\n\t\t\t\t\t<\/div>\n\t\t<\/div>\n\t\t\t\t<div class=\"elementor-column elementor-col-16 elementor-top-column elementor-element elementor-element-898141c\" data-id=\"898141c\" data-element_type=\"column\">\n\t\t\t<div class=\"elementor-widget-wrap\">\n\t\t\t\t\t\t\t<\/div>\n\t\t<\/div>\n\t\t\t\t<div class=\"elementor-column elementor-col-16 elementor-top-column elementor-element elementor-element-0db7214\" data-id=\"0db7214\" data-element_type=\"column\">\n\t\t\t<div class=\"elementor-widget-wrap\">\n\t\t\t\t\t\t\t<\/div>\n\t\t<\/div>\n\t\t\t\t\t<\/div>\n\t\t<\/section>\n\t\t\t\t<\/div>","protected":false},"excerpt":{"rendered":"<p>Dobrovo\u013en\u00edci Dobrovo\u013en\u00edci s\u00fa d\u00f4le\u017eitou s\u00fa\u010das\u0165ou ka\u017edej \u0161portovej akcie. Najm\u00e4 v ultra komunite ste pre n\u00e1s nenahradite\u013en\u00ed. Budeme radi ka\u017edej pomoci. Ak chcete pre\u017ei\u0165 s nami \u0161portov\u00e9 podujatie beh Zoborskou lesostepou, pros\u00edm kontaktujte n\u00e1s prostredn\u00edctvom emailu. info@zoborskoulesostepou.sk Dobrovo\u013en\u00edk na prezent\u00e1cii a \u0161tarte\/ v cieli: z\u00e1pis, vyd\u00e1vanie \u0161tartovn\u00fdch bal\u00ed\u010dkov Dobrovo\u013en\u00edk na ob\u010derstvovacej stanici&nbsp; Fotograf: V\u00fdber miesta p\u00f4sobenia [&hellip;]<\/p>\n","protected":false},"author":1,"featured_media":1933,"parent":0,"menu_order":0,"comment_status":"closed","ping_status":"closed","template":"","meta":{"_monsterinsights_skip_tracking":false,"_monsterinsights_sitenote_active":false,"_monsterinsights_sitenote_note":"","_monsterinsights_sitenote_category":0,"footnotes":""},"yoast_head":"<!-- This site is optimized with the Yoast SEO plugin v22.4 - https:\/\/yoast.com\/wordpress\/plugins\/seo\/ -->\n<title>Dobrovo\u013en\u00edci - Zoborskou lesostepou<\/title>\n<meta name=\"robots\" content=\"index, follow, max-snippet:-1, max-image-preview:large, max-video-preview:-1\" \/>\n<link rel=\"canonical\" href=\"https:\/\/zoborskoulesostepou.sk\/en\/dobrovolnici\/\" \/>\n<meta property=\"og:locale\" content=\"en_GB\" \/>\n<meta property=\"og:type\" content=\"article\" \/>\n<meta property=\"og:title\" content=\"Dobrovo\u013en\u00edci - Zoborskou lesostepou\" \/>\n<meta property=\"og:description\" content=\"Dobrovo\u013en\u00edci Dobrovo\u013en\u00edci s\u00fa d\u00f4le\u017eitou s\u00fa\u010das\u0165ou ka\u017edej \u0161portovej akcie. Najm\u00e4 v ultra komunite ste pre n\u00e1s nenahradite\u013en\u00ed. Budeme radi ka\u017edej pomoci. Ak chcete pre\u017ei\u0165 s nami \u0161portov\u00e9 podujatie beh Zoborskou lesostepou, pros\u00edm kontaktujte n\u00e1s prostredn\u00edctvom emailu. info@zoborskoulesostepou.sk Dobrovo\u013en\u00edk na prezent\u00e1cii a \u0161tarte\/ v cieli: z\u00e1pis, vyd\u00e1vanie \u0161tartovn\u00fdch bal\u00ed\u010dkov Dobrovo\u013en\u00edk na ob\u010derstvovacej stanici&nbsp; Fotograf: V\u00fdber miesta p\u00f4sobenia [&hellip;]\" \/>\n<meta property=\"og:url\" content=\"https:\/\/zoborskoulesostepou.sk\/en\/dobrovolnici\/\" \/>\n<meta property=\"og:site_name\" content=\"Zoborskou lesostepou\" \/>\n<meta property=\"article:modified_time\" content=\"2025-08-18T11:55:28+00:00\" \/>\n<meta property=\"og:image\" content=\"https:\/\/zoborskoulesostepou.sk\/wp-content\/uploads\/2023\/03\/DSC_0496-scaled.jpg\" \/>\n\t<meta property=\"og:image:width\" content=\"2560\" \/>\n\t<meta property=\"og:image:height\" content=\"1702\" \/>\n\t<meta property=\"og:image:type\" content=\"image\/jpeg\" \/>\n<meta name=\"twitter:card\" content=\"summary_large_image\" \/>\n<meta name=\"twitter:label1\" content=\"Estimated reading time\" \/>\n\t<meta name=\"twitter:data1\" content=\"3 minutes\" \/>\n<script type=\"application\/ld+json\" class=\"yoast-schema-graph\">{\"@context\":\"https:\/\/schema.org\",\"@graph\":[{\"@type\":\"WebPage\",\"@id\":\"https:\/\/zoborskoulesostepou.sk\/dobrovolnici\/\",\"url\":\"https:\/\/zoborskoulesostepou.sk\/dobrovolnici\/\",\"name\":\"Dobrovo\u013en\u00edci - Zoborskou lesostepou\",\"isPartOf\":{\"@id\":\"https:\/\/zoborskoulesostepou.sk\/#website\"},\"primaryImageOfPage\":{\"@id\":\"https:\/\/zoborskoulesostepou.sk\/dobrovolnici\/#primaryimage\"},\"image\":{\"@id\":\"https:\/\/zoborskoulesostepou.sk\/dobrovolnici\/#primaryimage\"},\"thumbnailUrl\":\"https:\/\/zoborskoulesostepou.sk\/wp-content\/uploads\/2023\/03\/DSC_0496-scaled.jpg\",\"datePublished\":\"2022-08-20T15:40:48+00:00\",\"dateModified\":\"2025-08-18T11:55:28+00:00\",\"breadcrumb\":{\"@id\":\"https:\/\/zoborskoulesostepou.sk\/dobrovolnici\/#breadcrumb\"},\"inLanguage\":\"en-GB\",\"potentialAction\":[{\"@type\":\"ReadAction\",\"target\":[\"https:\/\/zoborskoulesostepou.sk\/dobrovolnici\/\"]}]},{\"@type\":\"ImageObject\",\"inLanguage\":\"en-GB\",\"@id\":\"https:\/\/zoborskoulesostepou.sk\/dobrovolnici\/#primaryimage\",\"url\":\"https:\/\/zoborskoulesostepou.sk\/wp-content\/uploads\/2023\/03\/DSC_0496-scaled.jpg\",\"contentUrl\":\"https:\/\/zoborskoulesostepou.sk\/wp-content\/uploads\/2023\/03\/DSC_0496-scaled.jpg\",\"width\":2560,\"height\":1702},{\"@type\":\"BreadcrumbList\",\"@id\":\"https:\/\/zoborskoulesostepou.sk\/dobrovolnici\/#breadcrumb\",\"itemListElement\":[{\"@type\":\"ListItem\",\"position\":1,\"name\":\"Home\",\"item\":\"https:\/\/zoborskoulesostepou.sk\/\"},{\"@type\":\"ListItem\",\"position\":2,\"name\":\"Dobrovo\u013en\u00edci\"}]},{\"@type\":\"WebSite\",\"@id\":\"https:\/\/zoborskoulesostepou.sk\/#website\",\"url\":\"https:\/\/zoborskoulesostepou.sk\/\",\"name\":\"Zoborskou lesostepou\",\"description\":\"beh Zoborskou lesostepou\",\"publisher\":{\"@id\":\"https:\/\/zoborskoulesostepou.sk\/#organization\"},\"potentialAction\":[{\"@type\":\"SearchAction\",\"target\":{\"@type\":\"EntryPoint\",\"urlTemplate\":\"https:\/\/zoborskoulesostepou.sk\/?s={search_term_string}\"},\"query-input\":\"required name=search_term_string\"}],\"inLanguage\":\"en-GB\"},{\"@type\":\"Organization\",\"@id\":\"https:\/\/zoborskoulesostepou.sk\/#organization\",\"name\":\"Zoborskou lesostepou\",\"url\":\"https:\/\/zoborskoulesostepou.sk\/\",\"logo\":{\"@type\":\"ImageObject\",\"inLanguage\":\"en-GB\",\"@id\":\"https:\/\/zoborskoulesostepou.sk\/#\/schema\/logo\/image\/\",\"url\":\"https:\/\/zoborskoulesostepou.sk\/wp-content\/uploads\/2022\/04\/cropped-logo-zl-stojate.png\",\"contentUrl\":\"https:\/\/zoborskoulesostepou.sk\/wp-content\/uploads\/2022\/04\/cropped-logo-zl-stojate.png\",\"width\":2422,\"height\":845,\"caption\":\"Zoborskou lesostepou\"},\"image\":{\"@id\":\"https:\/\/zoborskoulesostepou.sk\/#\/schema\/logo\/image\/\"}}]}<\/script>\n<!-- \/ Yoast SEO plugin. -->","yoast_head_json":{"title":"Dobrovo\u013en\u00edci - Zoborskou lesostepou","robots":{"index":"index","follow":"follow","max-snippet":"max-snippet:-1","max-image-preview":"max-image-preview:large","max-video-preview":"max-video-preview:-1"},"canonical":"https:\/\/zoborskoulesostepou.sk\/en\/dobrovolnici\/","og_locale":"en_GB","og_type":"article","og_title":"Dobrovo\u013en\u00edci - Zoborskou lesostepou","og_description":"Dobrovo\u013en\u00edci Dobrovo\u013en\u00edci s\u00fa d\u00f4le\u017eitou s\u00fa\u010das\u0165ou ka\u017edej \u0161portovej akcie. Najm\u00e4 v ultra komunite ste pre n\u00e1s nenahradite\u013en\u00ed. Budeme radi ka\u017edej pomoci. Ak chcete pre\u017ei\u0165 s nami \u0161portov\u00e9 podujatie beh Zoborskou lesostepou, pros\u00edm kontaktujte n\u00e1s prostredn\u00edctvom emailu. info@zoborskoulesostepou.sk Dobrovo\u013en\u00edk na prezent\u00e1cii a \u0161tarte\/ v cieli: z\u00e1pis, vyd\u00e1vanie \u0161tartovn\u00fdch bal\u00ed\u010dkov Dobrovo\u013en\u00edk na ob\u010derstvovacej stanici&nbsp; Fotograf: V\u00fdber miesta p\u00f4sobenia [&hellip;]","og_url":"https:\/\/zoborskoulesostepou.sk\/en\/dobrovolnici\/","og_site_name":"Zoborskou lesostepou","article_modified_time":"2025-08-18T11:55:28+00:00","og_image":[{"width":2560,"height":1702,"url":"https:\/\/zoborskoulesostepou.sk\/wp-content\/uploads\/2023\/03\/DSC_0496-scaled.jpg","type":"image\/jpeg"}],"twitter_card":"summary_large_image","twitter_misc":{"Estimated reading time":"3 minutes"},"schema":{"@context":"https:\/\/schema.org","@graph":[{"@type":"WebPage","@id":"https:\/\/zoborskoulesostepou.sk\/dobrovolnici\/","url":"https:\/\/zoborskoulesostepou.sk\/dobrovolnici\/","name":"Dobrovo\u013en\u00edci - Zoborskou lesostepou","isPartOf":{"@id":"https:\/\/zoborskoulesostepou.sk\/#website"},"primaryImageOfPage":{"@id":"https:\/\/zoborskoulesostepou.sk\/dobrovolnici\/#primaryimage"},"image":{"@id":"https:\/\/zoborskoulesostepou.sk\/dobrovolnici\/#primaryimage"},"thumbnailUrl":"https:\/\/zoborskoulesostepou.sk\/wp-content\/uploads\/2023\/03\/DSC_0496-scaled.jpg","datePublished":"2022-08-20T15:40:48+00:00","dateModified":"2025-08-18T11:55:28+00:00","breadcrumb":{"@id":"https:\/\/zoborskoulesostepou.sk\/dobrovolnici\/#breadcrumb"},"inLanguage":"en-GB","potentialAction":[{"@type":"ReadAction","target":["https:\/\/zoborskoulesostepou.sk\/dobrovolnici\/"]}]},{"@type":"ImageObject","inLanguage":"en-GB","@id":"https:\/\/zoborskoulesostepou.sk\/dobrovolnici\/#primaryimage","url":"https:\/\/zoborskoulesostepou.sk\/wp-content\/uploads\/2023\/03\/DSC_0496-scaled.jpg","contentUrl":"https:\/\/zoborskoulesostepou.sk\/wp-content\/uploads\/2023\/03\/DSC_0496-scaled.jpg","width":2560,"height":1702},{"@type":"BreadcrumbList","@id":"https:\/\/zoborskoulesostepou.sk\/dobrovolnici\/#breadcrumb","itemListElement":[{"@type":"ListItem","position":1,"name":"Home","item":"https:\/\/zoborskoulesostepou.sk\/"},{"@type":"ListItem","position":2,"name":"Dobrovo\u013en\u00edci"}]},{"@type":"WebSite","@id":"https:\/\/zoborskoulesostepou.sk\/#website","url":"https:\/\/zoborskoulesostepou.sk\/","name":"Zobor Forest Trail","description":"run through Zobor forest trail","publisher":{"@id":"https:\/\/zoborskoulesostepou.sk\/#organization"},"potentialAction":[{"@type":"SearchAction","target":{"@type":"EntryPoint","urlTemplate":"https:\/\/zoborskoulesostepou.sk\/?s={search_term_string}"},"query-input":"required name=search_term_string"}],"inLanguage":"en-GB"},{"@type":"Organization","@id":"https:\/\/zoborskoulesostepou.sk\/#organization","name":"Zobor Forest Trail","url":"https:\/\/zoborskoulesostepou.sk\/","logo":{"@type":"ImageObject","inLanguage":"en-GB","@id":"https:\/\/zoborskoulesostepou.sk\/#\/schema\/logo\/image\/","url":"https:\/\/zoborskoulesostepou.sk\/wp-content\/uploads\/2022\/04\/cropped-logo-zl-stojate.png","contentUrl":"https:\/\/zoborskoulesostepou.sk\/wp-content\/uploads\/2022\/04\/cropped-logo-zl-stojate.png","width":2422,"height":845,"caption":"Zoborskou lesostepou"},"image":{"@id":"https:\/\/zoborskoulesostepou.sk\/#\/schema\/logo\/image\/"}}]}},"_links":{"self":[{"href":"https:\/\/zoborskoulesostepou.sk\/en\/wp-json\/wp\/v2\/pages\/1572"}],"collection":[{"href":"https:\/\/zoborskoulesostepou.sk\/en\/wp-json\/wp\/v2\/pages"}],"about":[{"href":"https:\/\/zoborskoulesostepou.sk\/en\/wp-json\/wp\/v2\/types\/page"}],"author":[{"embeddable":true,"href":"https:\/\/zoborskoulesostepou.sk\/en\/wp-json\/wp\/v2\/users\/1"}],"replies":[{"embeddable":true,"href":"https:\/\/zoborskoulesostepou.sk\/en\/wp-json\/wp\/v2\/comments?post=1572"}],"version-history":[{"count":6,"href":"https:\/\/zoborskoulesostepou.sk\/en\/wp-json\/wp\/v2\/pages\/1572\/revisions"}],"predecessor-version":[{"id":2583,"href":"https:\/\/zoborskoulesostepou.sk\/en\/wp-json\/wp\/v2\/pages\/1572\/revisions\/2583"}],"wp:featuredmedia":[{"embeddable":true,"href":"https:\/\/zoborskoulesostepou.sk\/en\/wp-json\/wp\/v2\/media\/1933"}],"wp:attachment":[{"href":"https:\/\/zoborskoulesostepou.sk\/en\/wp-json\/wp\/v2\/media?parent=1572"}],"curies":[{"name":"wp","href":"https:\/\/api.w.org\/{rel}","templated":true}]}}