{"id":19,"date":"2022-01-30T10:14:26","date_gmt":"2022-01-30T09:14:26","guid":{"rendered":"https:\/\/zoborskoulesostepou.sk\/?page_id=19"},"modified":"2025-03-03T20:14:19","modified_gmt":"2025-03-03T19:14:19","slug":"povinna-vybava","status":"publish","type":"page","link":"https:\/\/zoborskoulesostepou.sk\/en\/povinna-vybava\/","title":{"rendered":"MANDATORY EQUIPMENT"},"content":{"rendered":"<div data-elementor-type=\"wp-page\" data-elementor-id=\"19\" class=\"elementor elementor-19\">\n\t\t\t\t\t\t<section class=\"elementor-section elementor-top-section elementor-element elementor-element-8b961ad elementor-section-boxed elementor-section-height-default elementor-section-height-default\" data-id=\"8b961ad\" data-element_type=\"section\">\n\t\t\t\t\t\t<div class=\"elementor-container elementor-column-gap-default\">\n\t\t\t\t\t<div class=\"elementor-column elementor-col-100 elementor-top-column elementor-element elementor-element-57a97a5\" data-id=\"57a97a5\" data-element_type=\"column\">\n\t\t\t<div class=\"elementor-widget-wrap elementor-element-populated\">\n\t\t\t\t\t\t<div class=\"elementor-element elementor-element-a79780f elementor-widget elementor-widget-heading\" data-id=\"a79780f\" data-element_type=\"widget\" data-widget_type=\"heading.default\">\n\t\t\t\t<div class=\"elementor-widget-container\">\n\t\t\t\t\t<h2 class=\"elementor-heading-title elementor-size-default\">MANDATORY EQUIPMENT<\/h2>\t\t\t\t<\/div>\n\t\t\t\t<\/div>\n\t\t\t\t\t<\/div>\n\t\t<\/div>\n\t\t\t\t\t<\/div>\n\t\t<\/section>\n\t\t\t\t<section class=\"elementor-section elementor-top-section elementor-element elementor-element-44a38fb elementor-section-boxed elementor-section-height-default elementor-section-height-default\" data-id=\"44a38fb\" data-element_type=\"section\">\n\t\t\t\t\t\t<div class=\"elementor-container elementor-column-gap-default\">\n\t\t\t\t\t<div class=\"elementor-column elementor-col-100 elementor-top-column elementor-element elementor-element-81bd587\" data-id=\"81bd587\" data-element_type=\"column\">\n\t\t\t<div class=\"elementor-widget-wrap elementor-element-populated\">\n\t\t\t\t\t\t<div class=\"elementor-element elementor-element-77a7b76 elementor-widget elementor-widget-text-editor\" data-id=\"77a7b76\" data-element_type=\"widget\" data-widget_type=\"text-editor.default\">\n\t\t\t\t<div class=\"elementor-widget-container\">\n\t\t\t\t\t\t\t\t\t<p><strong>Be\u017eeck\u00e9 preteky s\u00fa podujatie so semiauton\u00f3mnou podporou. Ka\u017ed\u00fd pretek\u00e1r na trase ZBL<\/strong><strong>21 a ZBL51, sa mus\u00ed preuk\u00e1za\u0165 ni\u017e\u0161ie uvedenou povinnou v\u00fdbavou.\u00a0<\/strong><\/p><h6><b>Pre v\u0161etky trasy:<\/b><\/h6><p><strong>MAPA<\/strong><br \/>Mapa alebo GPS s ulo\u017eenou trasou<br \/><strong>TELEF\u00d3N<\/strong><br \/>Mobiln\u00fd telef\u00f3n, nabit\u00fd a zapnut\u00fd po\u010das celej d\u013a\u017eky pretekov s<br \/>kontaktom na organiz\u00e1tora<br \/>+421 944 957 113 (Laco)<br \/>+421 905 965 694 (Janka)<br \/><strong>IDENTIFIK\u00c1CIA<\/strong><br \/>Ob\u010diansky preukaz a karti\u010dka poistenca<\/p><p><strong>Pre ZBL21 a ZBL51:<\/strong><\/p><p><strong>POH\u00c1R<\/strong><br \/>Poh\u00e1r\/ fla\u0161a so \u0161irok\u00fdm hrdlom, na nabratie vody (ob\u010derstvova\u010dka, pramene min. 0,15l )<br \/><strong>LEK\u00c1RSKE POTREBY<\/strong><br \/>Izotermick\u00e1 f\u00f3lia (min 220 x 140 cm), elastick\u00fd obv\u00e4z (min.100 x 6 cm)<br \/><strong>ODPOR\u00da\u010cAME<\/strong><br \/>\u2022 Odpadkov\u00e9 vrecko<br \/>\u2022 Vetrovka do d\u00e1\u017e\u010fa<br \/>\u2022 Mal\u00e9 mno\u017estvo jedla do z\u00e1soby<\/p><p><b>viac v sekcii <a href=\"https:\/\/zoborskoulesostepou.sk\/en\/pravidla\/\">PRAVIDL\u00c1<\/a><\/b><\/p>\t\t\t\t\t\t\t\t<\/div>\n\t\t\t\t<\/div>\n\t\t\t\t\t<\/div>\n\t\t<\/div>\n\t\t\t\t\t<\/div>\n\t\t<\/section>\n\t\t\t\t<section class=\"elementor-section elementor-top-section elementor-element elementor-element-0011296 elementor-section-boxed elementor-section-height-default elementor-section-height-default\" data-id=\"0011296\" data-element_type=\"section\">\n\t\t\t\t\t\t<div class=\"elementor-container elementor-column-gap-default\">\n\t\t\t\t\t<div class=\"elementor-column elementor-col-16 elementor-top-column elementor-element elementor-element-4183e16\" data-id=\"4183e16\" data-element_type=\"column\">\n\t\t\t<div class=\"elementor-widget-wrap\">\n\t\t\t\t\t\t\t<\/div>\n\t\t<\/div>\n\t\t\t\t<div class=\"elementor-column elementor-col-16 elementor-top-column elementor-element elementor-element-e354ff4\" data-id=\"e354ff4\" data-element_type=\"column\">\n\t\t\t<div class=\"elementor-widget-wrap\">\n\t\t\t\t\t\t\t<\/div>\n\t\t<\/div>\n\t\t\t\t<div class=\"elementor-column elementor-col-16 elementor-top-column elementor-element elementor-element-ea6aa09\" data-id=\"ea6aa09\" data-element_type=\"column\">\n\t\t\t<div class=\"elementor-widget-wrap elementor-element-populated\">\n\t\t\t\t\t\t<div class=\"elementor-element elementor-element-aa4bab4 social-header-icon elementor-view-default elementor-widget elementor-widget-icon\" data-id=\"aa4bab4\" data-element_type=\"widget\" data-widget_type=\"icon.default\">\n\t\t\t\t<div class=\"elementor-widget-container\">\n\t\t\t\t\t\t\t<div class=\"elementor-icon-wrapper\">\n\t\t\t<a class=\"elementor-icon\" href=\"https:\/\/www.facebook.com\/zoborskoulesostepou\" target=\"_blank\">\n\t\t\t<i aria-hidden=\"true\" class=\"fab fa-facebook\"><\/i>\t\t\t<\/a>\n\t\t<\/div>\n\t\t\t\t\t\t<\/div>\n\t\t\t\t<\/div>\n\t\t\t\t\t<\/div>\n\t\t<\/div>\n\t\t\t\t<div class=\"elementor-column elementor-col-16 elementor-top-column elementor-element elementor-element-5df3ba3\" data-id=\"5df3ba3\" data-element_type=\"column\">\n\t\t\t<div class=\"elementor-widget-wrap elementor-element-populated\">\n\t\t\t\t\t\t<div class=\"elementor-element elementor-element-3f23d19 elementor-view-default elementor-widget elementor-widget-icon\" data-id=\"3f23d19\" data-element_type=\"widget\" data-widget_type=\"icon.default\">\n\t\t\t\t<div class=\"elementor-widget-container\">\n\t\t\t\t\t\t\t<div class=\"elementor-icon-wrapper\">\n\t\t\t<a class=\"elementor-icon\" href=\"https:\/\/www.instagram.com\/zoborskou_lesostepou\/\">\n\t\t\t<i aria-hidden=\"true\" class=\"fab fa-instagram\"><\/i>\t\t\t<\/a>\n\t\t<\/div>\n\t\t\t\t\t\t<\/div>\n\t\t\t\t<\/div>\n\t\t\t\t\t<\/div>\n\t\t<\/div>\n\t\t\t\t<div class=\"elementor-column elementor-col-16 elementor-top-column elementor-element elementor-element-cb01395\" data-id=\"cb01395\" data-element_type=\"column\">\n\t\t\t<div class=\"elementor-widget-wrap\">\n\t\t\t\t\t\t\t<\/div>\n\t\t<\/div>\n\t\t\t\t<div class=\"elementor-column elementor-col-16 elementor-top-column elementor-element elementor-element-6ef5953\" data-id=\"6ef5953\" data-element_type=\"column\">\n\t\t\t<div class=\"elementor-widget-wrap\">\n\t\t\t\t\t\t\t<\/div>\n\t\t<\/div>\n\t\t\t\t\t<\/div>\n\t\t<\/section>\n\t\t\t\t<\/div>","protected":false},"excerpt":{"rendered":"<p>Povinn\u00e1 v\u00fdbava Be\u017eeck\u00e9 preteky s\u00fa podujatie so semiauton\u00f3mnou podporou. Ka\u017ed\u00fd pretek\u00e1r na trase ZBL21 a ZBL51, sa mus\u00ed preuk\u00e1za\u0165 ni\u017e\u0161ie uvedenou povinnou v\u00fdbavou.\u00a0 Pre v\u0161etky trasy: MAPAMapa alebo GPS s ulo\u017eenou trasouTELEF\u00d3NMobiln\u00fd telef\u00f3n, nabit\u00fd a zapnut\u00fd po\u010das celej d\u013a\u017eky pretekov skontaktom na organiz\u00e1tora+421 944 957 113 (Laco)+421 905 965 694 (Janka)IDENTIFIK\u00c1CIAOb\u010diansky preukaz a karti\u010dka poistenca [&hellip;]<\/p>\n","protected":false},"author":1,"featured_media":0,"parent":0,"menu_order":0,"comment_status":"closed","ping_status":"closed","template":"","meta":{"_monsterinsights_skip_tracking":false,"_monsterinsights_sitenote_active":false,"_monsterinsights_sitenote_note":"","_monsterinsights_sitenote_category":0,"footnotes":""},"yoast_head":"<!-- This site is optimized with the Yoast SEO plugin v22.4 - https:\/\/yoast.com\/wordpress\/plugins\/seo\/ -->\n<title>Povinn\u00e1 v\u00fdbava - Zoborskou lesostepou<\/title>\n<meta name=\"robots\" content=\"index, follow, max-snippet:-1, max-image-preview:large, max-video-preview:-1\" \/>\n<link rel=\"canonical\" href=\"https:\/\/zoborskoulesostepou.sk\/en\/povinna-vybava\/\" \/>\n<meta property=\"og:locale\" content=\"en_GB\" \/>\n<meta property=\"og:type\" content=\"article\" \/>\n<meta property=\"og:title\" content=\"Povinn\u00e1 v\u00fdbava - Zoborskou lesostepou\" \/>\n<meta property=\"og:description\" content=\"Povinn\u00e1 v\u00fdbava Be\u017eeck\u00e9 preteky s\u00fa podujatie so semiauton\u00f3mnou podporou. Ka\u017ed\u00fd pretek\u00e1r na trase ZBL21 a ZBL51, sa mus\u00ed preuk\u00e1za\u0165 ni\u017e\u0161ie uvedenou povinnou v\u00fdbavou.\u00a0 Pre v\u0161etky trasy: MAPAMapa alebo GPS s ulo\u017eenou trasouTELEF\u00d3NMobiln\u00fd telef\u00f3n, nabit\u00fd a zapnut\u00fd po\u010das celej d\u013a\u017eky pretekov skontaktom na organiz\u00e1tora+421 944 957 113 (Laco)+421 905 965 694 (Janka)IDENTIFIK\u00c1CIAOb\u010diansky preukaz a karti\u010dka poistenca [&hellip;]\" \/>\n<meta property=\"og:url\" content=\"https:\/\/zoborskoulesostepou.sk\/en\/povinna-vybava\/\" \/>\n<meta property=\"og:site_name\" content=\"Zoborskou lesostepou\" \/>\n<meta property=\"article:modified_time\" content=\"2025-03-03T19:14:19+00:00\" \/>\n<meta name=\"twitter:card\" content=\"summary_large_image\" \/>\n<meta name=\"twitter:label1\" content=\"Estimated reading time\" \/>\n\t<meta name=\"twitter:data1\" content=\"1 minute\" \/>\n<script type=\"application\/ld+json\" class=\"yoast-schema-graph\">{\"@context\":\"https:\/\/schema.org\",\"@graph\":[{\"@type\":\"WebPage\",\"@id\":\"https:\/\/zoborskoulesostepou.sk\/povinna-vybava\/\",\"url\":\"https:\/\/zoborskoulesostepou.sk\/povinna-vybava\/\",\"name\":\"Povinn\u00e1 v\u00fdbava - Zoborskou lesostepou\",\"isPartOf\":{\"@id\":\"https:\/\/zoborskoulesostepou.sk\/#website\"},\"datePublished\":\"2022-01-30T09:14:26+00:00\",\"dateModified\":\"2025-03-03T19:14:19+00:00\",\"breadcrumb\":{\"@id\":\"https:\/\/zoborskoulesostepou.sk\/povinna-vybava\/#breadcrumb\"},\"inLanguage\":\"en-GB\",\"potentialAction\":[{\"@type\":\"ReadAction\",\"target\":[\"https:\/\/zoborskoulesostepou.sk\/povinna-vybava\/\"]}]},{\"@type\":\"BreadcrumbList\",\"@id\":\"https:\/\/zoborskoulesostepou.sk\/povinna-vybava\/#breadcrumb\",\"itemListElement\":[{\"@type\":\"ListItem\",\"position\":1,\"name\":\"Home\",\"item\":\"https:\/\/zoborskoulesostepou.sk\/\"},{\"@type\":\"ListItem\",\"position\":2,\"name\":\"Povinn\u00e1 v\u00fdbava\"}]},{\"@type\":\"WebSite\",\"@id\":\"https:\/\/zoborskoulesostepou.sk\/#website\",\"url\":\"https:\/\/zoborskoulesostepou.sk\/\",\"name\":\"Zoborskou lesostepou\",\"description\":\"beh Zoborskou lesostepou\",\"publisher\":{\"@id\":\"https:\/\/zoborskoulesostepou.sk\/#organization\"},\"potentialAction\":[{\"@type\":\"SearchAction\",\"target\":{\"@type\":\"EntryPoint\",\"urlTemplate\":\"https:\/\/zoborskoulesostepou.sk\/?s={search_term_string}\"},\"query-input\":\"required name=search_term_string\"}],\"inLanguage\":\"en-GB\"},{\"@type\":\"Organization\",\"@id\":\"https:\/\/zoborskoulesostepou.sk\/#organization\",\"name\":\"Zoborskou lesostepou\",\"url\":\"https:\/\/zoborskoulesostepou.sk\/\",\"logo\":{\"@type\":\"ImageObject\",\"inLanguage\":\"en-GB\",\"@id\":\"https:\/\/zoborskoulesostepou.sk\/#\/schema\/logo\/image\/\",\"url\":\"https:\/\/zoborskoulesostepou.sk\/wp-content\/uploads\/2022\/04\/cropped-logo-zl-stojate.png\",\"contentUrl\":\"https:\/\/zoborskoulesostepou.sk\/wp-content\/uploads\/2022\/04\/cropped-logo-zl-stojate.png\",\"width\":2422,\"height\":845,\"caption\":\"Zoborskou lesostepou\"},\"image\":{\"@id\":\"https:\/\/zoborskoulesostepou.sk\/#\/schema\/logo\/image\/\"}}]}<\/script>\n<!-- \/ Yoast SEO plugin. -->","yoast_head_json":{"title":"Povinn\u00e1 v\u00fdbava - Zoborskou lesostepou","robots":{"index":"index","follow":"follow","max-snippet":"max-snippet:-1","max-image-preview":"max-image-preview:large","max-video-preview":"max-video-preview:-1"},"canonical":"https:\/\/zoborskoulesostepou.sk\/en\/povinna-vybava\/","og_locale":"en_GB","og_type":"article","og_title":"Povinn\u00e1 v\u00fdbava - Zoborskou lesostepou","og_description":"Povinn\u00e1 v\u00fdbava Be\u017eeck\u00e9 preteky s\u00fa podujatie so semiauton\u00f3mnou podporou. Ka\u017ed\u00fd pretek\u00e1r na trase ZBL21 a ZBL51, sa mus\u00ed preuk\u00e1za\u0165 ni\u017e\u0161ie uvedenou povinnou v\u00fdbavou.\u00a0 Pre v\u0161etky trasy: MAPAMapa alebo GPS s ulo\u017eenou trasouTELEF\u00d3NMobiln\u00fd telef\u00f3n, nabit\u00fd a zapnut\u00fd po\u010das celej d\u013a\u017eky pretekov skontaktom na organiz\u00e1tora+421 944 957 113 (Laco)+421 905 965 694 (Janka)IDENTIFIK\u00c1CIAOb\u010diansky preukaz a karti\u010dka poistenca [&hellip;]","og_url":"https:\/\/zoborskoulesostepou.sk\/en\/povinna-vybava\/","og_site_name":"Zoborskou lesostepou","article_modified_time":"2025-03-03T19:14:19+00:00","twitter_card":"summary_large_image","twitter_misc":{"Estimated reading time":"1 minute"},"schema":{"@context":"https:\/\/schema.org","@graph":[{"@type":"WebPage","@id":"https:\/\/zoborskoulesostepou.sk\/povinna-vybava\/","url":"https:\/\/zoborskoulesostepou.sk\/povinna-vybava\/","name":"Povinn\u00e1 v\u00fdbava - Zoborskou lesostepou","isPartOf":{"@id":"https:\/\/zoborskoulesostepou.sk\/#website"},"datePublished":"2022-01-30T09:14:26+00:00","dateModified":"2025-03-03T19:14:19+00:00","breadcrumb":{"@id":"https:\/\/zoborskoulesostepou.sk\/povinna-vybava\/#breadcrumb"},"inLanguage":"en-GB","potentialAction":[{"@type":"ReadAction","target":["https:\/\/zoborskoulesostepou.sk\/povinna-vybava\/"]}]},{"@type":"BreadcrumbList","@id":"https:\/\/zoborskoulesostepou.sk\/povinna-vybava\/#breadcrumb","itemListElement":[{"@type":"ListItem","position":1,"name":"Home","item":"https:\/\/zoborskoulesostepou.sk\/"},{"@type":"ListItem","position":2,"name":"Povinn\u00e1 v\u00fdbava"}]},{"@type":"WebSite","@id":"https:\/\/zoborskoulesostepou.sk\/#website","url":"https:\/\/zoborskoulesostepou.sk\/","name":"Zobor Forest Trail","description":"run through Zobor forest trail","publisher":{"@id":"https:\/\/zoborskoulesostepou.sk\/#organization"},"potentialAction":[{"@type":"SearchAction","target":{"@type":"EntryPoint","urlTemplate":"https:\/\/zoborskoulesostepou.sk\/?s={search_term_string}"},"query-input":"required name=search_term_string"}],"inLanguage":"en-GB"},{"@type":"Organization","@id":"https:\/\/zoborskoulesostepou.sk\/#organization","name":"Zobor Forest Trail","url":"https:\/\/zoborskoulesostepou.sk\/","logo":{"@type":"ImageObject","inLanguage":"en-GB","@id":"https:\/\/zoborskoulesostepou.sk\/#\/schema\/logo\/image\/","url":"https:\/\/zoborskoulesostepou.sk\/wp-content\/uploads\/2022\/04\/cropped-logo-zl-stojate.png","contentUrl":"https:\/\/zoborskoulesostepou.sk\/wp-content\/uploads\/2022\/04\/cropped-logo-zl-stojate.png","width":2422,"height":845,"caption":"Zoborskou lesostepou"},"image":{"@id":"https:\/\/zoborskoulesostepou.sk\/#\/schema\/logo\/image\/"}}]}},"_links":{"self":[{"href":"https:\/\/zoborskoulesostepou.sk\/en\/wp-json\/wp\/v2\/pages\/19"}],"collection":[{"href":"https:\/\/zoborskoulesostepou.sk\/en\/wp-json\/wp\/v2\/pages"}],"about":[{"href":"https:\/\/zoborskoulesostepou.sk\/en\/wp-json\/wp\/v2\/types\/page"}],"author":[{"embeddable":true,"href":"https:\/\/zoborskoulesostepou.sk\/en\/wp-json\/wp\/v2\/users\/1"}],"replies":[{"embeddable":true,"href":"https:\/\/zoborskoulesostepou.sk\/en\/wp-json\/wp\/v2\/comments?post=19"}],"version-history":[{"count":6,"href":"https:\/\/zoborskoulesostepou.sk\/en\/wp-json\/wp\/v2\/pages\/19\/revisions"}],"predecessor-version":[{"id":2523,"href":"https:\/\/zoborskoulesostepou.sk\/en\/wp-json\/wp\/v2\/pages\/19\/revisions\/2523"}],"wp:attachment":[{"href":"https:\/\/zoborskoulesostepou.sk\/en\/wp-json\/wp\/v2\/media?parent=19"}],"curies":[{"name":"wp","href":"https:\/\/api.w.org\/{rel}","templated":true}]}}