{"id":22,"date":"2022-01-30T10:15:18","date_gmt":"2022-01-30T09:15:18","guid":{"rendered":"https:\/\/zoborskoulesostepou.sk\/?page_id=22"},"modified":"2025-03-17T16:08:14","modified_gmt":"2025-03-17T15:08:14","slug":"kontakt","status":"publish","type":"page","link":"https:\/\/zoborskoulesostepou.sk\/en\/kontakt\/","title":{"rendered":"CONTACTS"},"content":{"rendered":"<div data-elementor-type=\"wp-page\" data-elementor-id=\"22\" class=\"elementor elementor-22\">\n\t\t\t\t\t\t<section class=\"elementor-section elementor-top-section elementor-element elementor-element-10bfdf5 elementor-section-boxed elementor-section-height-default elementor-section-height-default\" data-id=\"10bfdf5\" data-element_type=\"section\">\n\t\t\t\t\t\t<div class=\"elementor-container elementor-column-gap-default\">\n\t\t\t\t\t<div class=\"elementor-column elementor-col-100 elementor-top-column elementor-element elementor-element-d1c3e75\" data-id=\"d1c3e75\" data-element_type=\"column\">\n\t\t\t<div class=\"elementor-widget-wrap elementor-element-populated\">\n\t\t\t\t\t\t<div class=\"elementor-element elementor-element-7549076 elementor-widget elementor-widget-heading\" data-id=\"7549076\" data-element_type=\"widget\" data-widget_type=\"heading.default\">\n\t\t\t\t<div class=\"elementor-widget-container\">\n\t\t\t\t\t<h2 class=\"elementor-heading-title elementor-size-default\">Organiz\u00e1tor<\/h2>\t\t\t\t<\/div>\n\t\t\t\t<\/div>\n\t\t\t\t\t<\/div>\n\t\t<\/div>\n\t\t\t\t\t<\/div>\n\t\t<\/section>\n\t\t\t\t<section class=\"elementor-section elementor-top-section elementor-element elementor-element-7dec747 elementor-section-boxed elementor-section-height-default elementor-section-height-default\" data-id=\"7dec747\" data-element_type=\"section\">\n\t\t\t\t\t\t<div class=\"elementor-container elementor-column-gap-default\">\n\t\t\t\t\t<div class=\"elementor-column elementor-col-100 elementor-top-column elementor-element elementor-element-610c076\" data-id=\"610c076\" data-element_type=\"column\">\n\t\t\t<div class=\"elementor-widget-wrap elementor-element-populated\">\n\t\t\t\t\t\t<section class=\"elementor-section elementor-inner-section elementor-element elementor-element-440ee7a elementor-section-boxed elementor-section-height-default elementor-section-height-default\" data-id=\"440ee7a\" data-element_type=\"section\">\n\t\t\t\t\t\t<div class=\"elementor-container elementor-column-gap-default\">\n\t\t\t\t\t<div class=\"elementor-column elementor-col-50 elementor-inner-column elementor-element elementor-element-b745379\" data-id=\"b745379\" data-element_type=\"column\">\n\t\t\t<div class=\"elementor-widget-wrap elementor-element-populated\">\n\t\t\t\t\t\t\t<\/div>\n\t\t<\/div>\n\t\t\t\t<div class=\"elementor-column elementor-col-50 elementor-inner-column elementor-element elementor-element-27ea2ad\" data-id=\"27ea2ad\" data-element_type=\"column\">\n\t\t\t<div class=\"elementor-widget-wrap\">\n\t\t\t\t\t\t\t<\/div>\n\t\t<\/div>\n\t\t\t\t\t<\/div>\n\t\t<\/section>\n\t\t\t\t<div class=\"elementor-element elementor-element-c24f2bb elementor-widget elementor-widget-text-editor\" data-id=\"c24f2bb\" data-element_type=\"widget\" data-widget_type=\"text-editor.default\">\n\t\t\t\t<div class=\"elementor-widget-container\">\n\t\t\t\t\t\t\t\t\t<p>Ultra pulz o.z.&nbsp;<\/p>\n<p>\u00cdlov\u00e1 6824\/22, 841 07 Bratislava<\/p>\n<p>I\u010cO: 54574561 DI\u010c: 2121794576<\/p><ul style=\"padding: 0px; list-style: none; color: rgb(67, 64, 64); font-family: Roboto, Arial, Helvetica, sans-serif; font-size: 14px; background-color: rgb(255, 255, 255);\"><li style=\"clear: both; border-top: 1px solid rgb(230, 229, 229); padding: 6px 0px;\"><\/li><\/ul>\n<p>IBAN: SK05 0900 0000 0051 9238 6536<\/p>\n<p>Hlavn\u00fd usporiadate\u013e: Ladislav Led\u00e9nyi<\/p>\n<p><a href=\"tel:+421944957113\">+421 944 957 113<\/a><\/p>\n<p>Janka Led\u00e9nyiov\u00e1<\/p>\n<p><a href=\"tel:+421905965694\">+421 905 965 694<\/a><\/p>\n<p>email: <a href=\"mailto:info@zoborskoulesostepou.sk\">info@zoborskoulesostepou.sk<\/a><\/p>\t\t\t\t\t\t\t\t<\/div>\n\t\t\t\t<\/div>\n\t\t\t\t<div class=\"elementor-element elementor-element-fafcb70 social-header-icon elementor-view-default elementor-widget elementor-widget-icon\" data-id=\"fafcb70\" data-element_type=\"widget\" data-widget_type=\"icon.default\">\n\t\t\t\t<div class=\"elementor-widget-container\">\n\t\t\t\t\t\t\t<div class=\"elementor-icon-wrapper\">\n\t\t\t<a class=\"elementor-icon\" href=\"https:\/\/www.facebook.com\/zoborskoulesostepou\" target=\"_blank\">\n\t\t\t<i aria-hidden=\"true\" class=\"fab fa-facebook\"><\/i>\t\t\t<\/a>\n\t\t<\/div>\n\t\t\t\t\t\t<\/div>\n\t\t\t\t<\/div>\n\t\t\t\t<div class=\"elementor-element elementor-element-b230141 elementor-view-default elementor-widget elementor-widget-icon\" data-id=\"b230141\" data-element_type=\"widget\" data-widget_type=\"icon.default\">\n\t\t\t\t<div class=\"elementor-widget-container\">\n\t\t\t\t\t\t\t<div class=\"elementor-icon-wrapper\">\n\t\t\t<a class=\"elementor-icon\" href=\"https:\/\/www.instagram.com\/zoborskou_lesostepou\/\">\n\t\t\t<i aria-hidden=\"true\" class=\"fab fa-instagram\"><\/i>\t\t\t<\/a>\n\t\t<\/div>\n\t\t\t\t\t\t<\/div>\n\t\t\t\t<\/div>\n\t\t\t\t\t<\/div>\n\t\t<\/div>\n\t\t\t\t\t<\/div>\n\t\t<\/section>\n\t\t\t\t<\/div>","protected":false},"excerpt":{"rendered":"<p>Organiz\u00e1tor Ultra pulz o.z.&nbsp; \u00cdlov\u00e1 6824\/22, 841 07 Bratislava I\u010cO: 54574561 DI\u010c: 2121794576 IBAN: SK05 0900 0000 0051 9238 6536 Hlavn\u00fd usporiadate\u013e: Ladislav Led\u00e9nyi +421 944 957 113 Janka Led\u00e9nyiov\u00e1 +421 905 965 694 email: info@zoborskoulesostepou.sk<\/p>","protected":false},"author":1,"featured_media":0,"parent":0,"menu_order":0,"comment_status":"closed","ping_status":"closed","template":"","meta":{"_monsterinsights_skip_tracking":false,"_monsterinsights_sitenote_active":false,"_monsterinsights_sitenote_note":"","_monsterinsights_sitenote_category":0,"footnotes":""},"yoast_head":"<!-- This site is optimized with the Yoast SEO plugin v22.4 - https:\/\/yoast.com\/wordpress\/plugins\/seo\/ -->\n<title>Kontakt - Zoborskou lesostepou<\/title>\n<meta name=\"robots\" content=\"index, follow, max-snippet:-1, max-image-preview:large, max-video-preview:-1\" \/>\n<link rel=\"canonical\" href=\"https:\/\/zoborskoulesostepou.sk\/en\/kontakt\/\" \/>\n<meta property=\"og:locale\" content=\"en_GB\" \/>\n<meta property=\"og:type\" content=\"article\" \/>\n<meta property=\"og:title\" content=\"Kontakt - Zoborskou lesostepou\" \/>\n<meta property=\"og:description\" content=\"Organiz\u00e1tor Ultra pulz o.z.&nbsp; \u00cdlov\u00e1 6824\/22, 841 07 Bratislava I\u010cO: 54574561 DI\u010c: 2121794576 IBAN: SK05 0900 0000 0051 9238 6536 Hlavn\u00fd usporiadate\u013e: Ladislav Led\u00e9nyi +421 944 957 113 Janka Led\u00e9nyiov\u00e1 +421 905 965 694 email: info@zoborskoulesostepou.sk\" \/>\n<meta property=\"og:url\" content=\"https:\/\/zoborskoulesostepou.sk\/en\/kontakt\/\" \/>\n<meta property=\"og:site_name\" content=\"Zoborskou lesostepou\" \/>\n<meta property=\"article:modified_time\" content=\"2025-03-17T15:08:14+00:00\" \/>\n<meta name=\"twitter:card\" content=\"summary_large_image\" \/>\n<meta name=\"twitter:label1\" content=\"Estimated reading time\" \/>\n\t<meta name=\"twitter:data1\" content=\"1 minute\" \/>\n<script type=\"application\/ld+json\" class=\"yoast-schema-graph\">{\"@context\":\"https:\/\/schema.org\",\"@graph\":[{\"@type\":\"WebPage\",\"@id\":\"https:\/\/zoborskoulesostepou.sk\/kontakt\/\",\"url\":\"https:\/\/zoborskoulesostepou.sk\/kontakt\/\",\"name\":\"Kontakt - Zoborskou lesostepou\",\"isPartOf\":{\"@id\":\"https:\/\/zoborskoulesostepou.sk\/#website\"},\"datePublished\":\"2022-01-30T09:15:18+00:00\",\"dateModified\":\"2025-03-17T15:08:14+00:00\",\"breadcrumb\":{\"@id\":\"https:\/\/zoborskoulesostepou.sk\/kontakt\/#breadcrumb\"},\"inLanguage\":\"en-GB\",\"potentialAction\":[{\"@type\":\"ReadAction\",\"target\":[\"https:\/\/zoborskoulesostepou.sk\/kontakt\/\"]}]},{\"@type\":\"BreadcrumbList\",\"@id\":\"https:\/\/zoborskoulesostepou.sk\/kontakt\/#breadcrumb\",\"itemListElement\":[{\"@type\":\"ListItem\",\"position\":1,\"name\":\"Home\",\"item\":\"https:\/\/zoborskoulesostepou.sk\/\"},{\"@type\":\"ListItem\",\"position\":2,\"name\":\"Kontakt\"}]},{\"@type\":\"WebSite\",\"@id\":\"https:\/\/zoborskoulesostepou.sk\/#website\",\"url\":\"https:\/\/zoborskoulesostepou.sk\/\",\"name\":\"Zoborskou lesostepou\",\"description\":\"beh Zoborskou lesostepou\",\"publisher\":{\"@id\":\"https:\/\/zoborskoulesostepou.sk\/#organization\"},\"potentialAction\":[{\"@type\":\"SearchAction\",\"target\":{\"@type\":\"EntryPoint\",\"urlTemplate\":\"https:\/\/zoborskoulesostepou.sk\/?s={search_term_string}\"},\"query-input\":\"required name=search_term_string\"}],\"inLanguage\":\"en-GB\"},{\"@type\":\"Organization\",\"@id\":\"https:\/\/zoborskoulesostepou.sk\/#organization\",\"name\":\"Zoborskou lesostepou\",\"url\":\"https:\/\/zoborskoulesostepou.sk\/\",\"logo\":{\"@type\":\"ImageObject\",\"inLanguage\":\"en-GB\",\"@id\":\"https:\/\/zoborskoulesostepou.sk\/#\/schema\/logo\/image\/\",\"url\":\"https:\/\/zoborskoulesostepou.sk\/wp-content\/uploads\/2022\/04\/cropped-logo-zl-stojate.png\",\"contentUrl\":\"https:\/\/zoborskoulesostepou.sk\/wp-content\/uploads\/2022\/04\/cropped-logo-zl-stojate.png\",\"width\":2422,\"height\":845,\"caption\":\"Zoborskou lesostepou\"},\"image\":{\"@id\":\"https:\/\/zoborskoulesostepou.sk\/#\/schema\/logo\/image\/\"}}]}<\/script>\n<!-- \/ Yoast SEO plugin. -->","yoast_head_json":{"title":"Kontakt - Zoborskou lesostepou","robots":{"index":"index","follow":"follow","max-snippet":"max-snippet:-1","max-image-preview":"max-image-preview:large","max-video-preview":"max-video-preview:-1"},"canonical":"https:\/\/zoborskoulesostepou.sk\/en\/kontakt\/","og_locale":"en_GB","og_type":"article","og_title":"Kontakt - Zoborskou lesostepou","og_description":"Organiz\u00e1tor Ultra pulz o.z.&nbsp; \u00cdlov\u00e1 6824\/22, 841 07 Bratislava I\u010cO: 54574561 DI\u010c: 2121794576 IBAN: SK05 0900 0000 0051 9238 6536 Hlavn\u00fd usporiadate\u013e: Ladislav Led\u00e9nyi +421 944 957 113 Janka Led\u00e9nyiov\u00e1 +421 905 965 694 email: info@zoborskoulesostepou.sk","og_url":"https:\/\/zoborskoulesostepou.sk\/en\/kontakt\/","og_site_name":"Zoborskou lesostepou","article_modified_time":"2025-03-17T15:08:14+00:00","twitter_card":"summary_large_image","twitter_misc":{"Estimated reading time":"1 minute"},"schema":{"@context":"https:\/\/schema.org","@graph":[{"@type":"WebPage","@id":"https:\/\/zoborskoulesostepou.sk\/kontakt\/","url":"https:\/\/zoborskoulesostepou.sk\/kontakt\/","name":"Kontakt - Zoborskou lesostepou","isPartOf":{"@id":"https:\/\/zoborskoulesostepou.sk\/#website"},"datePublished":"2022-01-30T09:15:18+00:00","dateModified":"2025-03-17T15:08:14+00:00","breadcrumb":{"@id":"https:\/\/zoborskoulesostepou.sk\/kontakt\/#breadcrumb"},"inLanguage":"en-GB","potentialAction":[{"@type":"ReadAction","target":["https:\/\/zoborskoulesostepou.sk\/kontakt\/"]}]},{"@type":"BreadcrumbList","@id":"https:\/\/zoborskoulesostepou.sk\/kontakt\/#breadcrumb","itemListElement":[{"@type":"ListItem","position":1,"name":"Home","item":"https:\/\/zoborskoulesostepou.sk\/"},{"@type":"ListItem","position":2,"name":"Kontakt"}]},{"@type":"WebSite","@id":"https:\/\/zoborskoulesostepou.sk\/#website","url":"https:\/\/zoborskoulesostepou.sk\/","name":"Zobor Forest Trail","description":"run through Zobor forest trail","publisher":{"@id":"https:\/\/zoborskoulesostepou.sk\/#organization"},"potentialAction":[{"@type":"SearchAction","target":{"@type":"EntryPoint","urlTemplate":"https:\/\/zoborskoulesostepou.sk\/?s={search_term_string}"},"query-input":"required name=search_term_string"}],"inLanguage":"en-GB"},{"@type":"Organization","@id":"https:\/\/zoborskoulesostepou.sk\/#organization","name":"Zobor Forest Trail","url":"https:\/\/zoborskoulesostepou.sk\/","logo":{"@type":"ImageObject","inLanguage":"en-GB","@id":"https:\/\/zoborskoulesostepou.sk\/#\/schema\/logo\/image\/","url":"https:\/\/zoborskoulesostepou.sk\/wp-content\/uploads\/2022\/04\/cropped-logo-zl-stojate.png","contentUrl":"https:\/\/zoborskoulesostepou.sk\/wp-content\/uploads\/2022\/04\/cropped-logo-zl-stojate.png","width":2422,"height":845,"caption":"Zoborskou lesostepou"},"image":{"@id":"https:\/\/zoborskoulesostepou.sk\/#\/schema\/logo\/image\/"}}]}},"_links":{"self":[{"href":"https:\/\/zoborskoulesostepou.sk\/en\/wp-json\/wp\/v2\/pages\/22"}],"collection":[{"href":"https:\/\/zoborskoulesostepou.sk\/en\/wp-json\/wp\/v2\/pages"}],"about":[{"href":"https:\/\/zoborskoulesostepou.sk\/en\/wp-json\/wp\/v2\/types\/page"}],"author":[{"embeddable":true,"href":"https:\/\/zoborskoulesostepou.sk\/en\/wp-json\/wp\/v2\/users\/1"}],"replies":[{"embeddable":true,"href":"https:\/\/zoborskoulesostepou.sk\/en\/wp-json\/wp\/v2\/comments?post=22"}],"version-history":[{"count":6,"href":"https:\/\/zoborskoulesostepou.sk\/en\/wp-json\/wp\/v2\/pages\/22\/revisions"}],"predecessor-version":[{"id":2552,"href":"https:\/\/zoborskoulesostepou.sk\/en\/wp-json\/wp\/v2\/pages\/22\/revisions\/2552"}],"wp:attachment":[{"href":"https:\/\/zoborskoulesostepou.sk\/en\/wp-json\/wp\/v2\/media?parent=22"}],"curies":[{"name":"wp","href":"https:\/\/api.w.org\/{rel}","templated":true}]}}