{"id":651,"date":"2022-02-14T15:27:45","date_gmt":"2022-02-14T14:27:45","guid":{"rendered":"https:\/\/zoborskoulesostepou.sk\/?page_id=651"},"modified":"2023-07-29T21:40:13","modified_gmt":"2023-07-29T19:40:13","slug":"startovna-listina","status":"publish","type":"page","link":"https:\/\/zoborskoulesostepou.sk\/en\/startovna-listina\/","title":{"rendered":"RACERS"},"content":{"rendered":"<div data-elementor-type=\"wp-page\" data-elementor-id=\"651\" class=\"elementor elementor-651\">\n\t\t\t\t\t\t<section class=\"elementor-section elementor-top-section elementor-element elementor-element-b93b736 elementor-section-boxed elementor-section-height-default elementor-section-height-default\" data-id=\"b93b736\" data-element_type=\"section\">\n\t\t\t\t\t\t<div class=\"elementor-container elementor-column-gap-default\">\n\t\t\t\t\t<div class=\"elementor-column elementor-col-100 elementor-top-column elementor-element elementor-element-bdd98fe\" data-id=\"bdd98fe\" data-element_type=\"column\">\n\t\t\t<div class=\"elementor-widget-wrap elementor-element-populated\">\n\t\t\t\t\t\t<div class=\"elementor-element elementor-element-2a92165 elementor-widget elementor-widget-heading\" data-id=\"2a92165\" data-element_type=\"widget\" data-widget_type=\"heading.default\">\n\t\t\t\t<div class=\"elementor-widget-container\">\n\t\t\t\t\t<h2 class=\"elementor-heading-title elementor-size-default\">RACERS<\/h2>\t\t\t\t<\/div>\n\t\t\t\t<\/div>\n\t\t\t\t\t<\/div>\n\t\t<\/div>\n\t\t\t\t\t<\/div>\n\t\t<\/section>\n\t\t\t\t<section class=\"elementor-section elementor-top-section elementor-element elementor-element-031c252 elementor-section-boxed elementor-section-height-default elementor-section-height-default\" data-id=\"031c252\" data-element_type=\"section\">\n\t\t\t\t\t\t<div class=\"elementor-container elementor-column-gap-default\">\n\t\t\t\t\t<div class=\"elementor-column elementor-col-100 elementor-top-column elementor-element elementor-element-09ffd04\" data-id=\"09ffd04\" data-element_type=\"column\">\n\t\t\t<div class=\"elementor-widget-wrap elementor-element-populated\">\n\t\t\t\t\t\t\t<\/div>\n\t\t<\/div>\n\t\t\t\t\t<\/div>\n\t\t<\/section>\n\t\t\t\t<section class=\"elementor-section elementor-top-section elementor-element elementor-element-c933505 elementor-section-full_width elementor-section-height-default elementor-section-height-default\" data-id=\"c933505\" data-element_type=\"section\" id=\"vs-tables\">\n\t\t\t\t\t\t<div class=\"elementor-container elementor-column-gap-default\">\n\t\t\t\t\t<div class=\"elementor-column elementor-col-100 elementor-top-column elementor-element elementor-element-ed6691a\" data-id=\"ed6691a\" data-element_type=\"column\">\n\t\t\t<div class=\"elementor-widget-wrap elementor-element-populated\">\n\t\t\t\t\t\t<div class=\"elementor-element elementor-element-8e365b5 elementor-widget elementor-widget-html\" data-id=\"8e365b5\" data-element_type=\"widget\" data-widget_type=\"html.default\">\n\t\t\t\t<div class=\"elementor-widget-container\">\n\t\t\t\t\t<iframe id=\"vs-iframe\" src=\"https:\/\/www.vysledkovyservis.sk\/beh-zoborskou-lesostepou-zoznam\"><\/iframe>\t\t\t\t<\/div>\n\t\t\t\t<\/div>\n\t\t\t\t\t<\/div>\n\t\t<\/div>\n\t\t\t\t\t<\/div>\n\t\t<\/section>\n\t\t\t\t<section class=\"elementor-section elementor-top-section elementor-element elementor-element-126a1af elementor-section-boxed elementor-section-height-default elementor-section-height-default\" data-id=\"126a1af\" data-element_type=\"section\">\n\t\t\t\t\t\t<div class=\"elementor-container elementor-column-gap-default\">\n\t\t\t\t\t<div class=\"elementor-column elementor-col-16 elementor-top-column elementor-element elementor-element-45c21df\" data-id=\"45c21df\" data-element_type=\"column\">\n\t\t\t<div class=\"elementor-widget-wrap\">\n\t\t\t\t\t\t\t<\/div>\n\t\t<\/div>\n\t\t\t\t<div class=\"elementor-column elementor-col-16 elementor-top-column elementor-element elementor-element-3cded0d\" data-id=\"3cded0d\" data-element_type=\"column\">\n\t\t\t<div class=\"elementor-widget-wrap\">\n\t\t\t\t\t\t\t<\/div>\n\t\t<\/div>\n\t\t\t\t<div class=\"elementor-column elementor-col-16 elementor-top-column elementor-element elementor-element-1faee2c\" data-id=\"1faee2c\" data-element_type=\"column\">\n\t\t\t<div class=\"elementor-widget-wrap elementor-element-populated\">\n\t\t\t\t\t\t<div class=\"elementor-element elementor-element-ed6b399 social-header-icon elementor-view-default elementor-widget elementor-widget-icon\" data-id=\"ed6b399\" data-element_type=\"widget\" data-widget_type=\"icon.default\">\n\t\t\t\t<div class=\"elementor-widget-container\">\n\t\t\t\t\t\t\t<div class=\"elementor-icon-wrapper\">\n\t\t\t<a class=\"elementor-icon\" href=\"https:\/\/www.facebook.com\/zoborskoulesostepou\" target=\"_blank\">\n\t\t\t<i aria-hidden=\"true\" class=\"fab fa-facebook\"><\/i>\t\t\t<\/a>\n\t\t<\/div>\n\t\t\t\t\t\t<\/div>\n\t\t\t\t<\/div>\n\t\t\t\t\t<\/div>\n\t\t<\/div>\n\t\t\t\t<div class=\"elementor-column elementor-col-16 elementor-top-column elementor-element elementor-element-db00ce5\" data-id=\"db00ce5\" data-element_type=\"column\">\n\t\t\t<div class=\"elementor-widget-wrap elementor-element-populated\">\n\t\t\t\t\t\t<div class=\"elementor-element elementor-element-15ca704 elementor-view-default elementor-widget elementor-widget-icon\" data-id=\"15ca704\" data-element_type=\"widget\" data-widget_type=\"icon.default\">\n\t\t\t\t<div class=\"elementor-widget-container\">\n\t\t\t\t\t\t\t<div class=\"elementor-icon-wrapper\">\n\t\t\t<a class=\"elementor-icon\" href=\"https:\/\/www.instagram.com\/zoborskou_lesostepou\/\">\n\t\t\t<i aria-hidden=\"true\" class=\"fab fa-instagram\"><\/i>\t\t\t<\/a>\n\t\t<\/div>\n\t\t\t\t\t\t<\/div>\n\t\t\t\t<\/div>\n\t\t\t\t\t<\/div>\n\t\t<\/div>\n\t\t\t\t<div class=\"elementor-column elementor-col-16 elementor-top-column elementor-element elementor-element-8260ba9\" data-id=\"8260ba9\" data-element_type=\"column\">\n\t\t\t<div class=\"elementor-widget-wrap\">\n\t\t\t\t\t\t\t<\/div>\n\t\t<\/div>\n\t\t\t\t<div class=\"elementor-column elementor-col-16 elementor-top-column elementor-element elementor-element-6115a3e\" data-id=\"6115a3e\" data-element_type=\"column\">\n\t\t\t<div class=\"elementor-widget-wrap\">\n\t\t\t\t\t\t\t<\/div>\n\t\t<\/div>\n\t\t\t\t\t<\/div>\n\t\t<\/section>\n\t\t\t\t<\/div>","protected":false},"excerpt":{"rendered":"<p>RACERS<\/p>","protected":false},"author":1,"featured_media":0,"parent":0,"menu_order":0,"comment_status":"closed","ping_status":"closed","template":"","meta":{"_monsterinsights_skip_tracking":false,"_monsterinsights_sitenote_active":false,"_monsterinsights_sitenote_note":"","_monsterinsights_sitenote_category":0,"footnotes":""},"yoast_head":"<!-- This site is optimized with the Yoast SEO plugin v22.4 - https:\/\/yoast.com\/wordpress\/plugins\/seo\/ -->\n<title>\u0160tartovn\u00e1 listina - Zoborskou lesostepou<\/title>\n<meta name=\"robots\" content=\"index, follow, max-snippet:-1, max-image-preview:large, max-video-preview:-1\" \/>\n<link rel=\"canonical\" href=\"https:\/\/zoborskoulesostepou.sk\/en\/startovna-listina\/\" \/>\n<meta property=\"og:locale\" content=\"en_GB\" \/>\n<meta property=\"og:type\" content=\"article\" \/>\n<meta property=\"og:title\" content=\"\u0160tartovn\u00e1 listina - Zoborskou lesostepou\" \/>\n<meta property=\"og:description\" content=\"\u0160tartovn\u00e1 listina\" \/>\n<meta property=\"og:url\" content=\"https:\/\/zoborskoulesostepou.sk\/en\/startovna-listina\/\" \/>\n<meta property=\"og:site_name\" content=\"Zoborskou lesostepou\" \/>\n<meta property=\"article:modified_time\" content=\"2023-07-29T19:40:13+00:00\" \/>\n<meta name=\"twitter:card\" content=\"summary_large_image\" \/>\n<meta name=\"twitter:label1\" content=\"Estimated reading time\" \/>\n\t<meta name=\"twitter:data1\" content=\"1 minute\" \/>\n<script type=\"application\/ld+json\" class=\"yoast-schema-graph\">{\"@context\":\"https:\/\/schema.org\",\"@graph\":[{\"@type\":\"WebPage\",\"@id\":\"https:\/\/zoborskoulesostepou.sk\/startovna-listina\/\",\"url\":\"https:\/\/zoborskoulesostepou.sk\/startovna-listina\/\",\"name\":\"\u0160tartovn\u00e1 listina - Zoborskou lesostepou\",\"isPartOf\":{\"@id\":\"https:\/\/zoborskoulesostepou.sk\/#website\"},\"datePublished\":\"2022-02-14T14:27:45+00:00\",\"dateModified\":\"2023-07-29T19:40:13+00:00\",\"breadcrumb\":{\"@id\":\"https:\/\/zoborskoulesostepou.sk\/startovna-listina\/#breadcrumb\"},\"inLanguage\":\"en-GB\",\"potentialAction\":[{\"@type\":\"ReadAction\",\"target\":[\"https:\/\/zoborskoulesostepou.sk\/startovna-listina\/\"]}]},{\"@type\":\"BreadcrumbList\",\"@id\":\"https:\/\/zoborskoulesostepou.sk\/startovna-listina\/#breadcrumb\",\"itemListElement\":[{\"@type\":\"ListItem\",\"position\":1,\"name\":\"Home\",\"item\":\"https:\/\/zoborskoulesostepou.sk\/\"},{\"@type\":\"ListItem\",\"position\":2,\"name\":\"\u0160tartovn\u00e1 listina\"}]},{\"@type\":\"WebSite\",\"@id\":\"https:\/\/zoborskoulesostepou.sk\/#website\",\"url\":\"https:\/\/zoborskoulesostepou.sk\/\",\"name\":\"Zoborskou lesostepou\",\"description\":\"beh Zoborskou lesostepou\",\"publisher\":{\"@id\":\"https:\/\/zoborskoulesostepou.sk\/#organization\"},\"potentialAction\":[{\"@type\":\"SearchAction\",\"target\":{\"@type\":\"EntryPoint\",\"urlTemplate\":\"https:\/\/zoborskoulesostepou.sk\/?s={search_term_string}\"},\"query-input\":\"required name=search_term_string\"}],\"inLanguage\":\"en-GB\"},{\"@type\":\"Organization\",\"@id\":\"https:\/\/zoborskoulesostepou.sk\/#organization\",\"name\":\"Zoborskou lesostepou\",\"url\":\"https:\/\/zoborskoulesostepou.sk\/\",\"logo\":{\"@type\":\"ImageObject\",\"inLanguage\":\"en-GB\",\"@id\":\"https:\/\/zoborskoulesostepou.sk\/#\/schema\/logo\/image\/\",\"url\":\"https:\/\/zoborskoulesostepou.sk\/wp-content\/uploads\/2022\/04\/cropped-logo-zl-stojate.png\",\"contentUrl\":\"https:\/\/zoborskoulesostepou.sk\/wp-content\/uploads\/2022\/04\/cropped-logo-zl-stojate.png\",\"width\":2422,\"height\":845,\"caption\":\"Zoborskou lesostepou\"},\"image\":{\"@id\":\"https:\/\/zoborskoulesostepou.sk\/#\/schema\/logo\/image\/\"}}]}<\/script>\n<!-- \/ Yoast SEO plugin. -->","yoast_head_json":{"title":"\u0160tartovn\u00e1 listina - Zoborskou lesostepou","robots":{"index":"index","follow":"follow","max-snippet":"max-snippet:-1","max-image-preview":"max-image-preview:large","max-video-preview":"max-video-preview:-1"},"canonical":"https:\/\/zoborskoulesostepou.sk\/en\/startovna-listina\/","og_locale":"en_GB","og_type":"article","og_title":"\u0160tartovn\u00e1 listina - Zoborskou lesostepou","og_description":"\u0160tartovn\u00e1 listina","og_url":"https:\/\/zoborskoulesostepou.sk\/en\/startovna-listina\/","og_site_name":"Zoborskou lesostepou","article_modified_time":"2023-07-29T19:40:13+00:00","twitter_card":"summary_large_image","twitter_misc":{"Estimated reading time":"1 minute"},"schema":{"@context":"https:\/\/schema.org","@graph":[{"@type":"WebPage","@id":"https:\/\/zoborskoulesostepou.sk\/startovna-listina\/","url":"https:\/\/zoborskoulesostepou.sk\/startovna-listina\/","name":"\u0160tartovn\u00e1 listina - Zoborskou lesostepou","isPartOf":{"@id":"https:\/\/zoborskoulesostepou.sk\/#website"},"datePublished":"2022-02-14T14:27:45+00:00","dateModified":"2023-07-29T19:40:13+00:00","breadcrumb":{"@id":"https:\/\/zoborskoulesostepou.sk\/startovna-listina\/#breadcrumb"},"inLanguage":"en-GB","potentialAction":[{"@type":"ReadAction","target":["https:\/\/zoborskoulesostepou.sk\/startovna-listina\/"]}]},{"@type":"BreadcrumbList","@id":"https:\/\/zoborskoulesostepou.sk\/startovna-listina\/#breadcrumb","itemListElement":[{"@type":"ListItem","position":1,"name":"Home","item":"https:\/\/zoborskoulesostepou.sk\/"},{"@type":"ListItem","position":2,"name":"\u0160tartovn\u00e1 listina"}]},{"@type":"WebSite","@id":"https:\/\/zoborskoulesostepou.sk\/#website","url":"https:\/\/zoborskoulesostepou.sk\/","name":"Zobor Forest Trail","description":"run through Zobor forest trail","publisher":{"@id":"https:\/\/zoborskoulesostepou.sk\/#organization"},"potentialAction":[{"@type":"SearchAction","target":{"@type":"EntryPoint","urlTemplate":"https:\/\/zoborskoulesostepou.sk\/?s={search_term_string}"},"query-input":"required name=search_term_string"}],"inLanguage":"en-GB"},{"@type":"Organization","@id":"https:\/\/zoborskoulesostepou.sk\/#organization","name":"Zobor Forest Trail","url":"https:\/\/zoborskoulesostepou.sk\/","logo":{"@type":"ImageObject","inLanguage":"en-GB","@id":"https:\/\/zoborskoulesostepou.sk\/#\/schema\/logo\/image\/","url":"https:\/\/zoborskoulesostepou.sk\/wp-content\/uploads\/2022\/04\/cropped-logo-zl-stojate.png","contentUrl":"https:\/\/zoborskoulesostepou.sk\/wp-content\/uploads\/2022\/04\/cropped-logo-zl-stojate.png","width":2422,"height":845,"caption":"Zoborskou lesostepou"},"image":{"@id":"https:\/\/zoborskoulesostepou.sk\/#\/schema\/logo\/image\/"}}]}},"_links":{"self":[{"href":"https:\/\/zoborskoulesostepou.sk\/en\/wp-json\/wp\/v2\/pages\/651"}],"collection":[{"href":"https:\/\/zoborskoulesostepou.sk\/en\/wp-json\/wp\/v2\/pages"}],"about":[{"href":"https:\/\/zoborskoulesostepou.sk\/en\/wp-json\/wp\/v2\/types\/page"}],"author":[{"embeddable":true,"href":"https:\/\/zoborskoulesostepou.sk\/en\/wp-json\/wp\/v2\/users\/1"}],"replies":[{"embeddable":true,"href":"https:\/\/zoborskoulesostepou.sk\/en\/wp-json\/wp\/v2\/comments?post=651"}],"version-history":[{"count":6,"href":"https:\/\/zoborskoulesostepou.sk\/en\/wp-json\/wp\/v2\/pages\/651\/revisions"}],"predecessor-version":[{"id":2141,"href":"https:\/\/zoborskoulesostepou.sk\/en\/wp-json\/wp\/v2\/pages\/651\/revisions\/2141"}],"wp:attachment":[{"href":"https:\/\/zoborskoulesostepou.sk\/en\/wp-json\/wp\/v2\/media?parent=651"}],"curies":[{"name":"wp","href":"https:\/\/api.w.org\/{rel}","templated":true}]}}