{"id":744,"date":"2022-02-15T16:26:33","date_gmt":"2022-02-15T15:26:33","guid":{"rendered":"https:\/\/zoborskoulesostepou.sk\/?page_id=744"},"modified":"2025-09-16T20:47:52","modified_gmt":"2025-09-16T18:47:52","slug":"vysledky","status":"publish","type":"page","link":"https:\/\/zoborskoulesostepou.sk\/en\/vysledky\/","title":{"rendered":"RESULTS"},"content":{"rendered":"<div data-elementor-type=\"wp-page\" data-elementor-id=\"744\" class=\"elementor elementor-744\">\n\t\t\t\t\t\t<section class=\"elementor-section elementor-top-section elementor-element elementor-element-4a9c36a elementor-section-boxed elementor-section-height-default elementor-section-height-default\" data-id=\"4a9c36a\" data-element_type=\"section\">\n\t\t\t\t\t\t<div class=\"elementor-container elementor-column-gap-default\">\n\t\t\t\t\t<div class=\"elementor-column elementor-col-100 elementor-top-column elementor-element elementor-element-427f196\" data-id=\"427f196\" data-element_type=\"column\">\n\t\t\t<div class=\"elementor-widget-wrap elementor-element-populated\">\n\t\t\t\t\t\t<div class=\"elementor-element elementor-element-a36e9b5 elementor-widget elementor-widget-heading\" data-id=\"a36e9b5\" data-element_type=\"widget\" data-widget_type=\"heading.default\">\n\t\t\t\t<div class=\"elementor-widget-container\">\n\t\t\t\t\t<h2 class=\"elementor-heading-title elementor-size-default\">RESULTS<\/h2>\t\t\t\t<\/div>\n\t\t\t\t<\/div>\n\t\t\t\t<div class=\"elementor-element elementor-element-e1f28be elementor-widget elementor-widget-spacer\" data-id=\"e1f28be\" data-element_type=\"widget\" data-widget_type=\"spacer.default\">\n\t\t\t\t<div class=\"elementor-widget-container\">\n\t\t\t\t\t\t\t<div class=\"elementor-spacer\">\n\t\t\t<div class=\"elementor-spacer-inner\"><\/div>\n\t\t<\/div>\n\t\t\t\t\t\t<\/div>\n\t\t\t\t<\/div>\n\t\t\t\t\t<\/div>\n\t\t<\/div>\n\t\t\t\t\t<\/div>\n\t\t<\/section>\n\t\t\t\t<section class=\"elementor-section elementor-top-section elementor-element elementor-element-e331af0 elementor-section-boxed elementor-section-height-default elementor-section-height-default\" data-id=\"e331af0\" data-element_type=\"section\">\n\t\t\t\t\t\t<div class=\"elementor-container elementor-column-gap-default\">\n\t\t\t\t\t<div class=\"elementor-column elementor-col-100 elementor-top-column elementor-element elementor-element-051929c\" data-id=\"051929c\" data-element_type=\"column\">\n\t\t\t<div class=\"elementor-widget-wrap elementor-element-populated\">\n\t\t\t\t\t\t<div class=\"elementor-element elementor-element-cb74413 elementor-align-center elementor-widget elementor-widget-button\" data-id=\"cb74413\" data-element_type=\"widget\" data-widget_type=\"button.default\">\n\t\t\t\t<div class=\"elementor-widget-container\">\n\t\t\t\t\t\t\t\t\t<div class=\"elementor-button-wrapper\">\n\t\t\t\t\t<a class=\"elementor-button elementor-button-link elementor-size-sm\" href=\"https:\/\/vysledky.vysledkovyservis.sk\/results.aspx?CId=16625&#038;RId=6259\">\n\t\t\t\t\t\t<span class=\"elementor-button-content-wrapper\">\n\t\t\t\t\t\t\t\t\t<span class=\"elementor-button-text\">Beh Zoborskou lesostepou IV. ro\u010dn\u00edk 2025<\/span>\n\t\t\t\t\t<\/span>\n\t\t\t\t\t<\/a>\n\t\t\t\t<\/div>\n\t\t\t\t\t\t\t\t<\/div>\n\t\t\t\t<\/div>\n\t\t\t\t<div class=\"elementor-element elementor-element-f53ed79 elementor-align-center elementor-widget elementor-widget-button\" data-id=\"f53ed79\" data-element_type=\"widget\" data-widget_type=\"button.default\">\n\t\t\t\t<div class=\"elementor-widget-container\">\n\t\t\t\t\t\t\t\t\t<div class=\"elementor-button-wrapper\">\n\t\t\t\t\t<a class=\"elementor-button elementor-button-link elementor-size-sm\" href=\"http:\/\/vysledky.vysledkovyservis.sk\/results.aspx?CId=16625&#038;RId=6219\" target=\"_blank\">\n\t\t\t\t\t\t<span class=\"elementor-button-content-wrapper\">\n\t\t\t\t\t\t\t\t\t<span class=\"elementor-button-text\">Beh Zoborskou lesostepou XIII. ro\u010dn\u00edk 2024<\/span>\n\t\t\t\t\t<\/span>\n\t\t\t\t\t<\/a>\n\t\t\t\t<\/div>\n\t\t\t\t\t\t\t\t<\/div>\n\t\t\t\t<\/div>\n\t\t\t\t<div class=\"elementor-element elementor-element-5e16723 elementor-align-center elementor-widget elementor-widget-button\" data-id=\"5e16723\" data-element_type=\"widget\" data-widget_type=\"button.default\">\n\t\t\t\t<div class=\"elementor-widget-container\">\n\t\t\t\t\t\t\t\t\t<div class=\"elementor-button-wrapper\">\n\t\t\t\t\t<a class=\"elementor-button elementor-button-link elementor-size-sm\" href=\"http:\/\/vysledky.vysledkovyservis.sk\/results.aspx?CId=16625&#038;RId=6176\" target=\"_blank\">\n\t\t\t\t\t\t<span class=\"elementor-button-content-wrapper\">\n\t\t\t\t\t\t\t\t\t<span class=\"elementor-button-text\">Beh Zoborskou lesostepou XII. ro\u010dn\u00edk 2023<\/span>\n\t\t\t\t\t<\/span>\n\t\t\t\t\t<\/a>\n\t\t\t\t<\/div>\n\t\t\t\t\t\t\t\t<\/div>\n\t\t\t\t<\/div>\n\t\t\t\t<div class=\"elementor-element elementor-element-d7cc323 elementor-align-center elementor-widget elementor-widget-button\" data-id=\"d7cc323\" data-element_type=\"widget\" data-widget_type=\"button.default\">\n\t\t\t\t<div class=\"elementor-widget-container\">\n\t\t\t\t\t\t\t\t\t<div class=\"elementor-button-wrapper\">\n\t\t\t\t\t<a class=\"elementor-button elementor-button-link elementor-size-sm\" href=\"http:\/\/vysledky.vysledkovyservis.sk\/results.aspx?CId=16625&#038;RId=8017\" target=\"_blank\">\n\t\t\t\t\t\t<span class=\"elementor-button-content-wrapper\">\n\t\t\t\t\t\t\t\t\t<span class=\"elementor-button-text\">Beh Zoborskou lesostepou XI. ro\u010dn\u00edk  2022<\/span>\n\t\t\t\t\t<\/span>\n\t\t\t\t\t<\/a>\n\t\t\t\t<\/div>\n\t\t\t\t\t\t\t\t<\/div>\n\t\t\t\t<\/div>\n\t\t\t\t<div class=\"elementor-element elementor-element-dd3e044 elementor-align-center elementor-widget elementor-widget-button\" data-id=\"dd3e044\" data-element_type=\"widget\" data-widget_type=\"button.default\">\n\t\t\t\t<div class=\"elementor-widget-container\">\n\t\t\t\t\t\t\t\t\t<div class=\"elementor-button-wrapper\">\n\t\t\t\t\t<a class=\"elementor-button elementor-button-link elementor-size-sm\" href=\"https:\/\/zoborskoulesostepou.sk\/wp-content\/uploads\/2022\/02\/vysledky.jpg\">\n\t\t\t\t\t\t<span class=\"elementor-button-content-wrapper\">\n\t\t\t\t\t\t\t\t\t<span class=\"elementor-button-text\">Zoborsk\u00e1 50ka 0. ro\u010dn\u00edk 2021<\/span>\n\t\t\t\t\t<\/span>\n\t\t\t\t\t<\/a>\n\t\t\t\t<\/div>\n\t\t\t\t\t\t\t\t<\/div>\n\t\t\t\t<\/div>\n\t\t\t\t<div class=\"elementor-element elementor-element-6dace58 elementor-align-center elementor-widget elementor-widget-button\" data-id=\"6dace58\" data-element_type=\"widget\" data-widget_type=\"button.default\">\n\t\t\t\t<div class=\"elementor-widget-container\">\n\t\t\t\t\t\t\t\t\t<div class=\"elementor-button-wrapper\">\n\t\t\t\t\t<a class=\"elementor-button elementor-button-link elementor-size-sm\" href=\"https:\/\/www.horskybeh.sk\/beh-zoborskou-lesostepou-vysledky\" target=\"_blank\">\n\t\t\t\t\t\t<span class=\"elementor-button-content-wrapper\">\n\t\t\t\t\t\t\t\t\t<span class=\"elementor-button-text\">Beh Zoborskou lesostepou I - X. ro\u010dn\u00edk<\/span>\n\t\t\t\t\t<\/span>\n\t\t\t\t\t<\/a>\n\t\t\t\t<\/div>\n\t\t\t\t\t\t\t\t<\/div>\n\t\t\t\t<\/div>\n\t\t\t\t\t<\/div>\n\t\t<\/div>\n\t\t\t\t\t<\/div>\n\t\t<\/section>\n\t\t\t\t<section class=\"elementor-section elementor-top-section elementor-element elementor-element-f5ad147 elementor-section-boxed elementor-section-height-default elementor-section-height-default\" data-id=\"f5ad147\" data-element_type=\"section\">\n\t\t\t\t\t\t<div class=\"elementor-container elementor-column-gap-default\">\n\t\t\t\t\t<div class=\"elementor-column elementor-col-100 elementor-top-column elementor-element elementor-element-74fd658\" data-id=\"74fd658\" data-element_type=\"column\">\n\t\t\t<div class=\"elementor-widget-wrap elementor-element-populated\">\n\t\t\t\t\t\t<div class=\"elementor-element elementor-element-401abce elementor-widget-divider--view-line_icon elementor-view-default elementor-widget-divider--element-align-center elementor-widget elementor-widget-divider\" data-id=\"401abce\" data-element_type=\"widget\" data-widget_type=\"divider.default\">\n\t\t\t\t<div class=\"elementor-widget-container\">\n\t\t\t\t\t\t\t<div class=\"elementor-divider\">\n\t\t\t<span class=\"elementor-divider-separator\">\n\t\t\t\t\t\t\t<div class=\"elementor-icon elementor-divider__element\">\n\t\t\t\t\t<i aria-hidden=\"true\" class=\"fas fa-star\"><\/i><\/div>\n\t\t\t\t\t\t<\/span>\n\t\t<\/div>\n\t\t\t\t\t\t<\/div>\n\t\t\t\t<\/div>\n\t\t\t\t\t<\/div>\n\t\t<\/div>\n\t\t\t\t\t<\/div>\n\t\t<\/section>\n\t\t\t\t<section class=\"elementor-section elementor-top-section elementor-element elementor-element-08b2105 elementor-section-boxed elementor-section-height-default elementor-section-height-default\" data-id=\"08b2105\" data-element_type=\"section\">\n\t\t\t\t\t\t<div class=\"elementor-container elementor-column-gap-default\">\n\t\t\t\t\t<div class=\"elementor-column elementor-col-16 elementor-top-column elementor-element elementor-element-c42605d\" data-id=\"c42605d\" data-element_type=\"column\">\n\t\t\t<div class=\"elementor-widget-wrap\">\n\t\t\t\t\t\t\t<\/div>\n\t\t<\/div>\n\t\t\t\t<div class=\"elementor-column elementor-col-16 elementor-top-column elementor-element elementor-element-9da6f0a\" data-id=\"9da6f0a\" data-element_type=\"column\">\n\t\t\t<div class=\"elementor-widget-wrap\">\n\t\t\t\t\t\t\t<\/div>\n\t\t<\/div>\n\t\t\t\t<div class=\"elementor-column elementor-col-16 elementor-top-column elementor-element elementor-element-c0cbe13\" data-id=\"c0cbe13\" data-element_type=\"column\">\n\t\t\t<div class=\"elementor-widget-wrap elementor-element-populated\">\n\t\t\t\t\t\t<div class=\"elementor-element elementor-element-f6f87d5 social-header-icon elementor-view-default elementor-widget elementor-widget-icon\" data-id=\"f6f87d5\" data-element_type=\"widget\" data-widget_type=\"icon.default\">\n\t\t\t\t<div class=\"elementor-widget-container\">\n\t\t\t\t\t\t\t<div class=\"elementor-icon-wrapper\">\n\t\t\t<a class=\"elementor-icon\" href=\"https:\/\/www.facebook.com\/zoborskoulesostepou\" target=\"_blank\">\n\t\t\t<i aria-hidden=\"true\" class=\"fab fa-facebook\"><\/i>\t\t\t<\/a>\n\t\t<\/div>\n\t\t\t\t\t\t<\/div>\n\t\t\t\t<\/div>\n\t\t\t\t\t<\/div>\n\t\t<\/div>\n\t\t\t\t<div class=\"elementor-column elementor-col-16 elementor-top-column elementor-element elementor-element-0f9aa27\" data-id=\"0f9aa27\" data-element_type=\"column\">\n\t\t\t<div class=\"elementor-widget-wrap elementor-element-populated\">\n\t\t\t\t\t\t<div class=\"elementor-element elementor-element-7536351 elementor-view-default elementor-widget elementor-widget-icon\" data-id=\"7536351\" data-element_type=\"widget\" data-widget_type=\"icon.default\">\n\t\t\t\t<div class=\"elementor-widget-container\">\n\t\t\t\t\t\t\t<div class=\"elementor-icon-wrapper\">\n\t\t\t<a class=\"elementor-icon\" href=\"https:\/\/www.instagram.com\/zoborskou_lesostepou\/\">\n\t\t\t<i aria-hidden=\"true\" class=\"fab fa-instagram\"><\/i>\t\t\t<\/a>\n\t\t<\/div>\n\t\t\t\t\t\t<\/div>\n\t\t\t\t<\/div>\n\t\t\t\t\t<\/div>\n\t\t<\/div>\n\t\t\t\t<div class=\"elementor-column elementor-col-16 elementor-top-column elementor-element elementor-element-f952570\" data-id=\"f952570\" data-element_type=\"column\">\n\t\t\t<div class=\"elementor-widget-wrap\">\n\t\t\t\t\t\t\t<\/div>\n\t\t<\/div>\n\t\t\t\t<div class=\"elementor-column elementor-col-16 elementor-top-column elementor-element elementor-element-4367c19\" data-id=\"4367c19\" data-element_type=\"column\">\n\t\t\t<div class=\"elementor-widget-wrap\">\n\t\t\t\t\t\t\t<\/div>\n\t\t<\/div>\n\t\t\t\t\t<\/div>\n\t\t<\/section>\n\t\t\t\t<section class=\"elementor-section elementor-top-section elementor-element elementor-element-113b38d elementor-section-boxed elementor-section-height-default elementor-section-height-default\" data-id=\"113b38d\" data-element_type=\"section\">\n\t\t\t\t\t\t<div class=\"elementor-container elementor-column-gap-default\">\n\t\t\t\t\t<div class=\"elementor-column elementor-col-100 elementor-top-column elementor-element elementor-element-fd3d543\" data-id=\"fd3d543\" data-element_type=\"column\">\n\t\t\t<div class=\"elementor-widget-wrap elementor-element-populated\">\n\t\t\t\t\t\t<section class=\"elementor-section elementor-inner-section elementor-element elementor-element-1980ea3 elementor-section-boxed elementor-section-height-default elementor-section-height-default\" data-id=\"1980ea3\" data-element_type=\"section\">\n\t\t\t\t\t\t<div class=\"elementor-container elementor-column-gap-default\">\n\t\t\t\t\t<div class=\"elementor-column elementor-col-50 elementor-inner-column elementor-element elementor-element-9734c7d\" data-id=\"9734c7d\" data-element_type=\"column\">\n\t\t\t<div class=\"elementor-widget-wrap\">\n\t\t\t\t\t\t\t<\/div>\n\t\t<\/div>\n\t\t\t\t<div class=\"elementor-column elementor-col-50 elementor-inner-column elementor-element elementor-element-007cc20\" data-id=\"007cc20\" data-element_type=\"column\">\n\t\t\t<div class=\"elementor-widget-wrap\">\n\t\t\t\t\t\t\t<\/div>\n\t\t<\/div>\n\t\t\t\t\t<\/div>\n\t\t<\/section>\n\t\t\t\t\t<\/div>\n\t\t<\/div>\n\t\t\t\t\t<\/div>\n\t\t<\/section>\n\t\t\t\t<\/div>","protected":false},"excerpt":{"rendered":"<p>V\u00fdsledkov\u00e1 listina Beh Zoborskou lesostepou IV. ro\u010dn\u00edk 2025 Beh Zoborskou lesostepou XIII. ro\u010dn\u00edk 2024 Beh Zoborskou lesostepou XII. ro\u010dn\u00edk 2023 Beh Zoborskou lesostepou XI. ro\u010dn\u00edk 2022 Zoborsk\u00e1 50ka 0. ro\u010dn\u00edk 2021 Beh Zoborskou lesostepou I &#8211; X. ro\u010dn\u00edk<\/p>","protected":false},"author":1,"featured_media":0,"parent":0,"menu_order":0,"comment_status":"closed","ping_status":"closed","template":"","meta":{"_monsterinsights_skip_tracking":false,"_monsterinsights_sitenote_active":false,"_monsterinsights_sitenote_note":"","_monsterinsights_sitenote_category":0,"footnotes":""},"yoast_head":"<!-- This site is optimized with the Yoast SEO plugin v22.4 - https:\/\/yoast.com\/wordpress\/plugins\/seo\/ -->\n<title>V\u00fdsledky - Zoborskou lesostepou<\/title>\n<meta name=\"robots\" content=\"index, follow, max-snippet:-1, max-image-preview:large, max-video-preview:-1\" \/>\n<link rel=\"canonical\" href=\"https:\/\/zoborskoulesostepou.sk\/en\/vysledky\/\" \/>\n<meta property=\"og:locale\" content=\"en_GB\" \/>\n<meta property=\"og:type\" content=\"article\" \/>\n<meta property=\"og:title\" content=\"V\u00fdsledky - Zoborskou lesostepou\" \/>\n<meta property=\"og:description\" content=\"V\u00fdsledkov\u00e1 listina Beh Zoborskou lesostepou IV. ro\u010dn\u00edk 2025 Beh Zoborskou lesostepou XIII. ro\u010dn\u00edk 2024 Beh Zoborskou lesostepou XII. ro\u010dn\u00edk 2023 Beh Zoborskou lesostepou XI. ro\u010dn\u00edk 2022 Zoborsk\u00e1 50ka 0. ro\u010dn\u00edk 2021 Beh Zoborskou lesostepou I &#8211; X. ro\u010dn\u00edk\" \/>\n<meta property=\"og:url\" content=\"https:\/\/zoborskoulesostepou.sk\/en\/vysledky\/\" \/>\n<meta property=\"og:site_name\" content=\"Zoborskou lesostepou\" \/>\n<meta property=\"article:modified_time\" content=\"2025-09-16T18:47:52+00:00\" \/>\n<meta name=\"twitter:card\" content=\"summary_large_image\" \/>\n<meta name=\"twitter:label1\" content=\"Estimated reading time\" \/>\n\t<meta name=\"twitter:data1\" content=\"1 minute\" \/>\n<script type=\"application\/ld+json\" class=\"yoast-schema-graph\">{\"@context\":\"https:\/\/schema.org\",\"@graph\":[{\"@type\":\"WebPage\",\"@id\":\"https:\/\/zoborskoulesostepou.sk\/vysledky\/\",\"url\":\"https:\/\/zoborskoulesostepou.sk\/vysledky\/\",\"name\":\"V\u00fdsledky - Zoborskou lesostepou\",\"isPartOf\":{\"@id\":\"https:\/\/zoborskoulesostepou.sk\/#website\"},\"datePublished\":\"2022-02-15T15:26:33+00:00\",\"dateModified\":\"2025-09-16T18:47:52+00:00\",\"breadcrumb\":{\"@id\":\"https:\/\/zoborskoulesostepou.sk\/vysledky\/#breadcrumb\"},\"inLanguage\":\"en-GB\",\"potentialAction\":[{\"@type\":\"ReadAction\",\"target\":[\"https:\/\/zoborskoulesostepou.sk\/vysledky\/\"]}]},{\"@type\":\"BreadcrumbList\",\"@id\":\"https:\/\/zoborskoulesostepou.sk\/vysledky\/#breadcrumb\",\"itemListElement\":[{\"@type\":\"ListItem\",\"position\":1,\"name\":\"Home\",\"item\":\"https:\/\/zoborskoulesostepou.sk\/\"},{\"@type\":\"ListItem\",\"position\":2,\"name\":\"V\u00fdsledky\"}]},{\"@type\":\"WebSite\",\"@id\":\"https:\/\/zoborskoulesostepou.sk\/#website\",\"url\":\"https:\/\/zoborskoulesostepou.sk\/\",\"name\":\"Zoborskou lesostepou\",\"description\":\"beh Zoborskou lesostepou\",\"publisher\":{\"@id\":\"https:\/\/zoborskoulesostepou.sk\/#organization\"},\"potentialAction\":[{\"@type\":\"SearchAction\",\"target\":{\"@type\":\"EntryPoint\",\"urlTemplate\":\"https:\/\/zoborskoulesostepou.sk\/?s={search_term_string}\"},\"query-input\":\"required name=search_term_string\"}],\"inLanguage\":\"en-GB\"},{\"@type\":\"Organization\",\"@id\":\"https:\/\/zoborskoulesostepou.sk\/#organization\",\"name\":\"Zoborskou lesostepou\",\"url\":\"https:\/\/zoborskoulesostepou.sk\/\",\"logo\":{\"@type\":\"ImageObject\",\"inLanguage\":\"en-GB\",\"@id\":\"https:\/\/zoborskoulesostepou.sk\/#\/schema\/logo\/image\/\",\"url\":\"https:\/\/zoborskoulesostepou.sk\/wp-content\/uploads\/2022\/04\/cropped-logo-zl-stojate.png\",\"contentUrl\":\"https:\/\/zoborskoulesostepou.sk\/wp-content\/uploads\/2022\/04\/cropped-logo-zl-stojate.png\",\"width\":2422,\"height\":845,\"caption\":\"Zoborskou lesostepou\"},\"image\":{\"@id\":\"https:\/\/zoborskoulesostepou.sk\/#\/schema\/logo\/image\/\"}}]}<\/script>\n<!-- \/ Yoast SEO plugin. -->","yoast_head_json":{"title":"V\u00fdsledky - Zoborskou lesostepou","robots":{"index":"index","follow":"follow","max-snippet":"max-snippet:-1","max-image-preview":"max-image-preview:large","max-video-preview":"max-video-preview:-1"},"canonical":"https:\/\/zoborskoulesostepou.sk\/en\/vysledky\/","og_locale":"en_GB","og_type":"article","og_title":"V\u00fdsledky - Zoborskou lesostepou","og_description":"V\u00fdsledkov\u00e1 listina Beh Zoborskou lesostepou IV. ro\u010dn\u00edk 2025 Beh Zoborskou lesostepou XIII. ro\u010dn\u00edk 2024 Beh Zoborskou lesostepou XII. ro\u010dn\u00edk 2023 Beh Zoborskou lesostepou XI. ro\u010dn\u00edk 2022 Zoborsk\u00e1 50ka 0. ro\u010dn\u00edk 2021 Beh Zoborskou lesostepou I &#8211; X. ro\u010dn\u00edk","og_url":"https:\/\/zoborskoulesostepou.sk\/en\/vysledky\/","og_site_name":"Zoborskou lesostepou","article_modified_time":"2025-09-16T18:47:52+00:00","twitter_card":"summary_large_image","twitter_misc":{"Estimated reading time":"1 minute"},"schema":{"@context":"https:\/\/schema.org","@graph":[{"@type":"WebPage","@id":"https:\/\/zoborskoulesostepou.sk\/vysledky\/","url":"https:\/\/zoborskoulesostepou.sk\/vysledky\/","name":"V\u00fdsledky - Zoborskou lesostepou","isPartOf":{"@id":"https:\/\/zoborskoulesostepou.sk\/#website"},"datePublished":"2022-02-15T15:26:33+00:00","dateModified":"2025-09-16T18:47:52+00:00","breadcrumb":{"@id":"https:\/\/zoborskoulesostepou.sk\/vysledky\/#breadcrumb"},"inLanguage":"en-GB","potentialAction":[{"@type":"ReadAction","target":["https:\/\/zoborskoulesostepou.sk\/vysledky\/"]}]},{"@type":"BreadcrumbList","@id":"https:\/\/zoborskoulesostepou.sk\/vysledky\/#breadcrumb","itemListElement":[{"@type":"ListItem","position":1,"name":"Home","item":"https:\/\/zoborskoulesostepou.sk\/"},{"@type":"ListItem","position":2,"name":"V\u00fdsledky"}]},{"@type":"WebSite","@id":"https:\/\/zoborskoulesostepou.sk\/#website","url":"https:\/\/zoborskoulesostepou.sk\/","name":"Zobor Forest Trail","description":"run through Zobor forest trail","publisher":{"@id":"https:\/\/zoborskoulesostepou.sk\/#organization"},"potentialAction":[{"@type":"SearchAction","target":{"@type":"EntryPoint","urlTemplate":"https:\/\/zoborskoulesostepou.sk\/?s={search_term_string}"},"query-input":"required name=search_term_string"}],"inLanguage":"en-GB"},{"@type":"Organization","@id":"https:\/\/zoborskoulesostepou.sk\/#organization","name":"Zobor Forest Trail","url":"https:\/\/zoborskoulesostepou.sk\/","logo":{"@type":"ImageObject","inLanguage":"en-GB","@id":"https:\/\/zoborskoulesostepou.sk\/#\/schema\/logo\/image\/","url":"https:\/\/zoborskoulesostepou.sk\/wp-content\/uploads\/2022\/04\/cropped-logo-zl-stojate.png","contentUrl":"https:\/\/zoborskoulesostepou.sk\/wp-content\/uploads\/2022\/04\/cropped-logo-zl-stojate.png","width":2422,"height":845,"caption":"Zoborskou lesostepou"},"image":{"@id":"https:\/\/zoborskoulesostepou.sk\/#\/schema\/logo\/image\/"}}]}},"_links":{"self":[{"href":"https:\/\/zoborskoulesostepou.sk\/en\/wp-json\/wp\/v2\/pages\/744"}],"collection":[{"href":"https:\/\/zoborskoulesostepou.sk\/en\/wp-json\/wp\/v2\/pages"}],"about":[{"href":"https:\/\/zoborskoulesostepou.sk\/en\/wp-json\/wp\/v2\/types\/page"}],"author":[{"embeddable":true,"href":"https:\/\/zoborskoulesostepou.sk\/en\/wp-json\/wp\/v2\/users\/1"}],"replies":[{"embeddable":true,"href":"https:\/\/zoborskoulesostepou.sk\/en\/wp-json\/wp\/v2\/comments?post=744"}],"version-history":[{"count":6,"href":"https:\/\/zoborskoulesostepou.sk\/en\/wp-json\/wp\/v2\/pages\/744\/revisions"}],"predecessor-version":[{"id":2650,"href":"https:\/\/zoborskoulesostepou.sk\/en\/wp-json\/wp\/v2\/pages\/744\/revisions\/2650"}],"wp:attachment":[{"href":"https:\/\/zoborskoulesostepou.sk\/en\/wp-json\/wp\/v2\/media?parent=744"}],"curies":[{"name":"wp","href":"https:\/\/api.w.org\/{rel}","templated":true}]}}